{"id":1158,"date":"2016-06-13T10:50:43","date_gmt":"2016-06-13T09:50:43","guid":{"rendered":"http:\/\/manpower.lu\/?page_id=1158"},"modified":"2016-06-20T11:04:49","modified_gmt":"2016-06-20T10:04:49","slug":"lettre-de-motivation","status":"publish","type":"page","link":"https:\/\/manpower.lu\/fr\/candidats\/nos-conseils-emploi\/lettre-de-motivation\/","title":{"rendered":"Lettre de motivation"},"content":{"rendered":"<p>Votre lettre de candidature est tr\u00e8s importante : elle vous permet de vous adresser de mani\u00e8re tr\u00e8s personnelle \u00e0 une entreprise pour un certain poste vacant. Vous y expliquez pourquoi vous postulez et quelles sont vos attentes. \u00a0Chaque lette de candidature est d\u00e8s lors unique. Et c&rsquo;est important parce que ce sont les petits d\u00e9tails qui font vraiment la diff\u00e9rence.<\/p>\n<h3>Les conseils de Manpower :<\/h3>\n<p><strong>Soyez concis<br \/>\n<\/strong>Le style d&rsquo;une bonne lettre de motivation doit \u00eatre direct et simple, avec des phrases courtes et claires.<\/p>\n<p><strong>Ecrivez correctement<br \/>\n<\/strong>Les erreurs linguistiques et les fautes d&rsquo;orthographe dans une lettre de motivation sont imm\u00e9diatement sanctionn\u00e9es. Une lettre de motivation est \u00e9galement personnelle : \u00e9vitez les formules standard et adaptez le style de votre lettre \u00e0 votre propre style. Soyez positif, dynamique et orient\u00e9 vers l&rsquo;avenir.<\/p>\n<p><strong>Adressez-vous \u00e0 quelqu&rsquo;un personnellement<br \/>\n<\/strong>Adressez-vous (si c&rsquo;est possible) \u00e0 une personne et pas \u00e0 un service. La personne qui se sent concern\u00e9e, accordera une plus grande attention \u00e0 votre candidature.<\/p>\n<p><strong>Soyez s\u00fbr de vous<br \/>\n<\/strong>Ecrivez au pr\u00e9sent. Soyez affirmatif : vous montrez ainsi \u00e0 l&#8217;employeur que vous \u00eates s\u00fbr de vous.<\/p>\n<p><strong>Soyez positif<br \/>\n<\/strong>Une lettre de motivation doit \u00eatre orient\u00e9e solutions et ne pas aborder de probl\u00e8mes. Utilisez des mots qui donnent un sentiment positif et une impression de dynamisme.<\/p>\n<p><strong>Montrez-vous engag\u00e9<br \/>\n<\/strong>Comment convaincre les autres si vous n&rsquo;\u00eates vous-m\u00eame pas convaincu. Vous n&rsquo;\u00e9veillerez un int\u00e9r\u00eat qu&rsquo;en vous montrant engag\u00e9 et motiv\u00e9 \u00e0 100%.<\/p>\n<p><strong>Ecrivez de mani\u00e8re directe<br \/>\n<\/strong>Afin d&rsquo;attirer l&rsquo;attention, votre lettre de motivation doit aller droit au but. Vos arguments doivent \u00eatre clairs et concrets, sans \u00eatre exag\u00e9r\u00e9s. N&rsquo;utilisez pas de mots vides de sens, ou de longues phrases qui ne feront que compliquer inutilement votre lettre.<\/p>\n<p><strong>Soyez explicite<br \/>\n<\/strong>R\u00e9digez chaque lettre de motivation explicitement pour un poste vacant d\u00e9termin\u00e9, et r\u00e9pondez du mieux possible aux exigences requises. Evitez les r\u00e9p\u00e9titions.<\/p>\n","protected":false},"excerpt":{"rendered":"<p>Votre lettre de candidature est tr\u00e8s importante : elle vous permet de vous adresser de mani\u00e8re tr\u00e8s personnelle \u00e0 une entreprise pour un certain poste vacant. Vous y expliquez pourquoi vous postulez et quelles&hellip;<\/p>\n","protected":false},"author":80,"featured_media":0,"parent":15,"menu_order":28,"comment_status":"closed","ping_status":"closed","template":"page-sidebar-left.php","meta":{"footnotes":""},"class_list":["post-1158","page","type-page","status-publish","hentry"],"_links":{"self":[{"href":"https:\/\/manpower.lu\/fr\/wp-json\/wp\/v2\/pages\/1158","targetHints":{"allow":["GET"]}}],"collection":[{"href":"https:\/\/manpower.lu\/fr\/wp-json\/wp\/v2\/pages"}],"about":[{"href":"https:\/\/manpower.lu\/fr\/wp-json\/wp\/v2\/types\/page"}],"author":[{"embeddable":true,"href":"https:\/\/manpower.lu\/fr\/wp-json\/wp\/v2\/users\/80"}],"replies":[{"embeddable":true,"href":"https:\/\/manpower.lu\/fr\/wp-json\/wp\/v2\/comments?post=1158"}],"version-history":[{"count":0,"href":"https:\/\/manpower.lu\/fr\/wp-json\/wp\/v2\/pages\/1158\/revisions"}],"up":[{"embeddable":true,"href":"https:\/\/manpower.lu\/fr\/wp-json\/wp\/v2\/pages\/15"}],"wp:attachment":[{"href":"https:\/\/manpower.lu\/fr\/wp-json\/wp\/v2\/media?parent=1158"}],"curies":[{"name":"wp","href":"https:\/\/api.w.org\/{rel}","templated":true}]}}