{"id":1160,"date":"2016-06-13T10:57:21","date_gmt":"2016-06-13T09:57:21","guid":{"rendered":"http:\/\/manpower.lu\/?page_id=1160"},"modified":"2016-06-20T11:05:15","modified_gmt":"2016-06-20T10:05:15","slug":"votre-e-reputation","status":"publish","type":"page","link":"https:\/\/manpower.lu\/fr\/candidats\/nos-conseils-emploi\/votre-e-reputation\/","title":{"rendered":"Votre E-r\u00e9putation"},"content":{"rendered":"<p>Bon nombre d&#8217;employeurs utilisent l&rsquo;Internet pour se renseigner sur les candidats \u00e0 un poste. C&rsquo;est pourquoi, il faut absolument laisser une bonne image de soi \u00e9galement sur Internet. Faites un bon usage de LinkedIn, Twitter et d&rsquo;autres m\u00e9dias sociaux. Votre visibilit\u00e9 sur Internet et la mani\u00e8re dont vous utilisez ces outils peuvent repr\u00e9senter une aide consid\u00e9rable dans votre recherche d&rsquo;un emploi.<\/p>\n<h3>Les conseils de Manpower :<\/h3>\n<p><strong>Soyez vigilant<\/strong>. Veillez \u00e0 ce que les informations, les photos et les vid\u00e9os qui vous concernent sur le net ne jettent pas le discr\u00e9dit sur vous.<\/p>\n<p><strong>Veillez \u00e0 \u00eatre visible<\/strong> : il est indispensable d&rsquo;\u00eatre pr\u00e9sent sur les r\u00e9seaux sociaux lorsque vous postulez pour certaines fonctions (publicit\u00e9, communication &#8230;). Utilisez les r\u00e9seaux sociaux professionnels (LinkedIn\u2026) pour devenir membre de groupes qui sont li\u00e9s \u00e0 votre domaine d&rsquo;exp\u00e9rience. Le networking est de plus en plus virtuel de nos jours !<\/p>\n<p><strong>Soignez votre r\u00e9putation<\/strong>. Vous vous \u00eates distingu\u00e9 dans une comp\u00e9tition sportive ? Des ex-coll\u00e8gues ou des travailleurs ne tarissent pas d&rsquo;\u00e9loges \u00e0 votre sujet ? Diffusez ce genre d&rsquo;informations : elles refl\u00e8tent des valeurs positives telles que l&rsquo;esprit de comp\u00e9tition, le dynamisme et l&rsquo;ouverture d&rsquo;esprit.<\/p>\n","protected":false},"excerpt":{"rendered":"<p>Bon nombre d&#8217;employeurs utilisent l&rsquo;Internet pour se renseigner sur les candidats \u00e0 un poste. C&rsquo;est pourquoi, il faut absolument laisser une bonne image de soi \u00e9galement sur Internet. Faites un bon usage de LinkedIn,&hellip;<\/p>\n","protected":false},"author":80,"featured_media":0,"parent":15,"menu_order":29,"comment_status":"closed","ping_status":"closed","template":"page-sidebar-left.php","meta":{"footnotes":""},"class_list":["post-1160","page","type-page","status-publish","hentry"],"_links":{"self":[{"href":"https:\/\/manpower.lu\/fr\/wp-json\/wp\/v2\/pages\/1160","targetHints":{"allow":["GET"]}}],"collection":[{"href":"https:\/\/manpower.lu\/fr\/wp-json\/wp\/v2\/pages"}],"about":[{"href":"https:\/\/manpower.lu\/fr\/wp-json\/wp\/v2\/types\/page"}],"author":[{"embeddable":true,"href":"https:\/\/manpower.lu\/fr\/wp-json\/wp\/v2\/users\/80"}],"replies":[{"embeddable":true,"href":"https:\/\/manpower.lu\/fr\/wp-json\/wp\/v2\/comments?post=1160"}],"version-history":[{"count":0,"href":"https:\/\/manpower.lu\/fr\/wp-json\/wp\/v2\/pages\/1160\/revisions"}],"up":[{"embeddable":true,"href":"https:\/\/manpower.lu\/fr\/wp-json\/wp\/v2\/pages\/15"}],"wp:attachment":[{"href":"https:\/\/manpower.lu\/fr\/wp-json\/wp\/v2\/media?parent=1160"}],"curies":[{"name":"wp","href":"https:\/\/api.w.org\/{rel}","templated":true}]}}