{"id":1162,"date":"2016-06-13T11:00:04","date_gmt":"2016-06-13T10:00:04","guid":{"rendered":"http:\/\/manpower.lu\/?page_id=1162"},"modified":"2016-07-11T14:00:59","modified_gmt":"2016-07-11T13:00:59","slug":"lentretien-dembauche","status":"publish","type":"page","link":"https:\/\/manpower.lu\/fr\/candidats\/nos-conseils-emploi\/lentretien-dembauche\/","title":{"rendered":"L&rsquo;entretien d&#8217;embauche"},"content":{"rendered":"<p>Votre CV a \u00e9t\u00e9 s\u00e9lectionn\u00e9 et vous \u00eates convi\u00e9 \u00e0 un entretien. Lors de cet entretien, le recruteur va \u00e9valuer vos comp\u00e9tences, votre comportement et votre motivation. \u00a0Il est donc essentiel de bien s&rsquo;y pr\u00e9parer : informez-vous au sujet de l&rsquo;entreprise, r\u00e9fl\u00e9chissez \u00e0 des questions possibles et faites une liste de vos points forts (et moins forts) pour le job en question. Soyez pr\u00e9par\u00e9 \u00e0 100% \u00a0!<\/p>\n<h3>Les conseils de Manpower :<\/h3>\n<p><strong>Partez l&rsquo;esprit conqu\u00e9rant !<\/strong> Vous avez certainement quelques grands atouts : aucune entreprise ne va perdre du temps avec des entretiens d&#8217;embauche si elle n&rsquo;est pas convaincue par le candidat et par son CV. Ne soyez pas effray\u00e9 par les \u00e9ventuelles diff\u00e9rences entre votre profil et le poste vacant. Beaucoup d&rsquo;entreprises mettent volontairement la barre trop haut.<\/p>\n<p><strong>Soignez votre apparence<\/strong> pour l&rsquo;entretien. La personne en face de vous sera attentive \u00e0 votre allure et aux v\u00eatements que vous portez.<\/p>\n<p><strong>Pr\u00e9parez les documents n\u00e9cessaires<\/strong> : votre CV, l&rsquo;offre d&#8217;emploi \u00e0 laquelle vous avez r\u00e9agi, vos dipl\u00f4mes et certificats &#8230; Ils seront certainement utiles. Lorsque vous postulez pour un job int\u00e9rimaire, vous avez souvent besoin de certificats et de documents suppl\u00e9mentaires : votre carte d&rsquo;identit\u00e9, votre num\u00e9ro de s\u00e9curit\u00e9 sociale, votre permis de conduire &#8230;<\/p>\n<p><strong>Trouvez le bon timing<\/strong>. N&rsquo;arrivez pas trop t\u00f4t car ce sera per\u00e7u comme un manque d&rsquo;assurance. Et il est bien entendu hors de question d&rsquo;arriver en retard. Essayez d&rsquo;arriver 10 minutes avant votre entretien.<\/p>\n<p><strong>Soyez positif<\/strong> : tout au long de votre carri\u00e8re, vous avez acquis un grand nombre de comp\u00e9tences et de l&rsquo;exp\u00e9rience qui sont pr\u00e9cieuses. Soyez d\u00e8s lors positif et serein : ne critiquez jamais d&rsquo;anciens employeurs ou jobs. Concentrez-vous sur ce que vous pouvez apporter demain \u00e0 votre futur employeur.<\/p>\n<p><strong>Riez et soyez attentif aux d\u00e9tails<\/strong> : d\u00e8s que vous arrivez \u00e0 la r\u00e9ception : riez, riez, riez ! Le rire donne de la confiance et est communicatif. Faites \u00e9galement attention aux autres d\u00e9tails : votre haleine, votre poign\u00e9e de main, la communication non verbale &#8230; Ah oui, n&rsquo;oubliez pas non plus de mettre votre GSM en mode silencieux.<\/p>\n","protected":false},"excerpt":{"rendered":"<p>Votre CV a \u00e9t\u00e9 s\u00e9lectionn\u00e9 et vous \u00eates convi\u00e9 \u00e0 un entretien. Lors de cet entretien, le recruteur va \u00e9valuer vos comp\u00e9tences, votre comportement et votre motivation. \u00a0Il est donc essentiel de bien s&rsquo;y&hellip;<\/p>\n","protected":false},"author":80,"featured_media":0,"parent":15,"menu_order":30,"comment_status":"closed","ping_status":"closed","template":"page-sidebar-left.php","meta":{"footnotes":""},"class_list":["post-1162","page","type-page","status-publish","hentry"],"_links":{"self":[{"href":"https:\/\/manpower.lu\/fr\/wp-json\/wp\/v2\/pages\/1162","targetHints":{"allow":["GET"]}}],"collection":[{"href":"https:\/\/manpower.lu\/fr\/wp-json\/wp\/v2\/pages"}],"about":[{"href":"https:\/\/manpower.lu\/fr\/wp-json\/wp\/v2\/types\/page"}],"author":[{"embeddable":true,"href":"https:\/\/manpower.lu\/fr\/wp-json\/wp\/v2\/users\/80"}],"replies":[{"embeddable":true,"href":"https:\/\/manpower.lu\/fr\/wp-json\/wp\/v2\/comments?post=1162"}],"version-history":[{"count":0,"href":"https:\/\/manpower.lu\/fr\/wp-json\/wp\/v2\/pages\/1162\/revisions"}],"up":[{"embeddable":true,"href":"https:\/\/manpower.lu\/fr\/wp-json\/wp\/v2\/pages\/15"}],"wp:attachment":[{"href":"https:\/\/manpower.lu\/fr\/wp-json\/wp\/v2\/media?parent=1162"}],"curies":[{"name":"wp","href":"https:\/\/api.w.org\/{rel}","templated":true}]}}