{"id":15,"date":"2016-02-22T12:16:08","date_gmt":"2016-02-22T11:16:08","guid":{"rendered":"http:\/\/manpower.lu\/?page_id=15"},"modified":"2019-05-14T10:24:34","modified_gmt":"2019-05-14T09:24:34","slug":"nos-conseils-emploi","status":"publish","type":"page","link":"https:\/\/manpower.lu\/fr\/candidats\/nos-conseils-emploi\/","title":{"rendered":"Nos conseils emploi"},"content":{"rendered":"<div class=\"wpb-content-wrapper\"><p>[vc_row][vc_column][vc_column_text]<\/p>\n<h3>Pour votre carri\u00e8re<\/h3>\n<p>Chercher du travail demande pas mal de pr\u00e9paration et d&rsquo;attention, et ce sont souvent les d\u00e9tails qui font la diff\u00e9rence. C&rsquo;est pourquoi nous vous donnons ici quelques conseils afin de parfaire votre cv, votre lettre de motivation et votre entretien d&#8217;embauche, ainsi qu&rsquo;am\u00e9liorer votre r\u00e9putation sur internet. Ce sont tous ces d\u00e9tails qui, combin\u00e9s aux bons conseils de nos consultants, d\u00e9boucheront sans aucun doute sur la signature du contrat tant convoit\u00e9. Bonne chance !<\/p>\n<h2 style=\"text-align: left;\">Nos conseils emploi en vid\u00e9o : visionnez notre<strong> <a href=\"https:\/\/www.youtube.com\/playlist?list=PL9TecDbUTgsGGpZi2ug8i8AIIa9GzhABa\" target=\"_blank\" rel=\"noopener noreferrer\">playlist<\/a>.<\/strong><\/h2>\n<p><a href=\"https:\/\/www.youtube.com\/playlist?list=PL9TecDbUTgsGGpZi2ug8i8AIIa9GzhABa\" target=\"_blank\" rel=\"noopener noreferrer\"><img decoding=\"async\" src=\"https:\/\/manpower.be\/sites\/default\/files\/images\/inline\/playlist_videos.png\" width=\"244\" height=\"138\" \/><\/a><\/p>\n<p>[\/vc_column_text][vc_column_text]<\/p>\n<hr \/>\n<p>[\/vc_column_text][\/vc_column][\/vc_row][vc_row][vc_column width=\u00a0\u00bb1\/6&Prime;][vc_column_text]<\/p>\n<h3><\/h3>\n<p><img decoding=\"async\" class=\"alignleft size-full wp-image-1164\" src=\"http:\/\/manpower.lu\/wp-content\/uploads\/2016\/02\/cv.png\" alt=\"cv\" width=\"85\" height=\"85\" \/><\/p>\n<p>[\/vc_column_text][\/vc_column][vc_column width=\u00a0\u00bb5\/6&Prime;][vc_column_text]<\/p>\n<h3>Curriculum vitae<\/h3>\n<p>Les employeurs ont g\u00e9n\u00e9ralement peu de temps \u00e0 consacrer \u00e0 votre cv, 7 secondes en moyenne seulement. Afin d&rsquo;augmenter vos chances de d\u00e9crocher un entretien d&#8217;embauche, vous devez par cons\u00e9quent faire ressortir vos points forts du mieux possible ![\/vc_column_text][vc_btn title=\u00a0\u00bbLes conseils de Manpower\u00a0\u00bb style=\u00a0\u00bboutline\u00a0\u00bb color=\u00a0\u00bbinfo\u00a0\u00bb size=\u00a0\u00bbsm\u00a0\u00bb link=\u00a0\u00bburl:%2Ffr%2Fcandidats%2Fnos-conseils-emploi%2Fcurriculum-vitae%2F||\u00a0\u00bb][vc_btn title=\u00a0\u00bbVid\u00e9o\u00a0\u00bb style=\u00a0\u00bboutline\u00a0\u00bb color=\u00a0\u00bbprimary\u00a0\u00bb size=\u00a0\u00bbsm\u00a0\u00bb i_icon_fontawesome=\u00a0\u00bbfa fa-film\u00a0\u00bb link=\u00a0\u00bburl:https%3A%2F%2Fwww.youtube.com%2Fwatch%3Fv%3D5Mi8PNGR6OI%26index%3D4%26t%3D0s%26list%3DPL9TecDbUTgsGGpZi2ug8i8AIIa9GzhA||target:%20_blank\u00a0\u00bb add_icon=\u00a0\u00bbtrue\u00a0\u00bb][\/vc_column][\/vc_row][vc_row][vc_column width=\u00a0\u00bb1\/6&Prime;][vc_column_text]<\/p>\n<h3><\/h3>\n<p><img decoding=\"async\" class=\"alignleft wp-image-1168 size-full\" src=\"http:\/\/manpower.lu\/wp-content\/uploads\/2016\/02\/letter.png\" width=\"85\" height=\"85\" \/><\/p>\n<p>[\/vc_column_text][\/vc_column][vc_column width=\u00a0\u00bb5\/6&Prime;][vc_column_text]<\/p>\n<h3><b>Lettre de motivation<\/b><\/h3>\n<p>Votre lettre de candidature est tr\u00e8s importante : elle vous permet de vous adresser de mani\u00e8re tr\u00e8s personnelle \u00e0 une entreprise pour un certain poste vacant. Vous y expliquez pourquoi vous postulez et quelles sont vos attentes. Chaque lettre de candidature est d\u00e8s lors unique. Et c&rsquo;est important parce que ce sont les petits d\u00e9tails qui font vraiment la diff\u00e9rence.[\/vc_column_text][vc_btn title=\u00a0\u00bbLes conseils de Manpower\u00a0\u00bb style=\u00a0\u00bboutline\u00a0\u00bb color=\u00a0\u00bbinfo\u00a0\u00bb size=\u00a0\u00bbsm\u00a0\u00bb link=\u00a0\u00bburl:%2Ffr%2Fcandidats%2Fnos-conseils-emploi%2Flettre-de-motivation%2F||\u00a0\u00bb][vc_btn title=\u00a0\u00bbVid\u00e9o\u00a0\u00bb style=\u00a0\u00bboutline\u00a0\u00bb color=\u00a0\u00bbprimary\u00a0\u00bb size=\u00a0\u00bbsm\u00a0\u00bb i_icon_fontawesome=\u00a0\u00bbfa fa-film\u00a0\u00bb link=\u00a0\u00bburl:https%3A%2F%2Fwww.youtube.com%2Fwatch%3Fv%3DltcogLWFO4s%26index%3D3%26t%3D0s%26list%3DPL9TecDbUTgsGGpZi2ug8i8AIIa9GzhABa||target:%20_blank\u00a0\u00bb add_icon=\u00a0\u00bbtrue\u00a0\u00bb][\/vc_column][\/vc_row][vc_row][vc_column width=\u00a0\u00bb1\/6&Prime;][vc_column_text]<\/p>\n<h3><\/h3>\n<p><img loading=\"lazy\" decoding=\"async\" class=\"alignleft wp-image-1170 size-full\" src=\"http:\/\/manpower.lu\/wp-content\/uploads\/2016\/02\/reputation.png\" width=\"85\" height=\"85\" \/><\/p>\n<p>[\/vc_column_text][\/vc_column][vc_column width=\u00a0\u00bb5\/6&Prime;][vc_column_text]<\/p>\n<h3><b>Votre E-r\u00e9putation<\/b><\/h3>\n<p>Bon nombre d&#8217;employeurs utilisent l&rsquo;Internet pour se renseigner sur les candidats \u00e0 un poste. C&rsquo;est pourquoi, il faut absolument laisser une bonne image de soi \u00e9galement sur Internet. Faites un bon usage de LinkedIn, Twitter et d&rsquo;autres m\u00e9dias sociaux. Votre visibilit\u00e9 sur Internet et la mani\u00e8re dont vous utilisez ces outils peuvent repr\u00e9senter une aide consid\u00e9rable dans votre recherche d&rsquo;un emploi.[\/vc_column_text][vc_btn title=\u00a0\u00bbLes conseils de Manpower\u00a0\u00bb style=\u00a0\u00bboutline\u00a0\u00bb color=\u00a0\u00bbinfo\u00a0\u00bb size=\u00a0\u00bbsm\u00a0\u00bb link=\u00a0\u00bburl:%2Ffr%2Fcandidats%2Fnos-conseils-emploi%2Fvotre-e-reputation%2F||\u00a0\u00bb][\/vc_column][\/vc_row][vc_row][vc_column width=\u00a0\u00bb1\/6&Prime;][vc_column_text]<\/p>\n<h3><\/h3>\n<p><img loading=\"lazy\" decoding=\"async\" class=\"alignleft wp-image-1171 size-full\" src=\"http:\/\/manpower.lu\/wp-content\/uploads\/2016\/02\/sollicit.png\" width=\"85\" height=\"85\" \/><\/p>\n<p>[\/vc_column_text][\/vc_column][vc_column width=\u00a0\u00bb5\/6&Prime;][vc_column_text]<\/p>\n<h3><b>L&rsquo;entretien d&#8217;embauche<\/b><\/h3>\n<p>Votre CV a \u00e9t\u00e9 s\u00e9lectionn\u00e9 et vous \u00eates convi\u00e9 \u00e0 un entretien. Lors de cet entretien, le recruteur va \u00e9valuer vos comp\u00e9tences, votre comportement et votre motivation. Il est donc essentiel de bien s&rsquo;y pr\u00e9parer : informez-vous au sujet de l&rsquo;entreprise, r\u00e9fl\u00e9chissez \u00e0 des questions possibles et faites une liste de vos points forts (et moins forts) pour le job en question. Soyez pr\u00e9par\u00e9 \u00e0 100% ![\/vc_column_text][vc_btn title=\u00a0\u00bbLes conseils de Manpower\u00a0\u00bb style=\u00a0\u00bboutline\u00a0\u00bb color=\u00a0\u00bbinfo\u00a0\u00bb size=\u00a0\u00bbsm\u00a0\u00bb link=\u00a0\u00bburl:%2Ffr%2Fcandidats%2Fnos-conseils-emploi%2Flentretien-dembauche%2F||\u00a0\u00bb][vc_btn title=\u00a0\u00bbVid\u00e9o\u00a0\u00bb style=\u00a0\u00bboutline\u00a0\u00bb color=\u00a0\u00bbprimary\u00a0\u00bb size=\u00a0\u00bbsm\u00a0\u00bb i_icon_fontawesome=\u00a0\u00bbfa fa-film\u00a0\u00bb link=\u00a0\u00bburl:https%3A%2F%2Fwww.youtube.com%2Fwatch%3Fv%3DwrN_3HlYDv4%26list%3DPL9TecDbUTgsGGpZi2ug8i8AIIa9GzhABa%26t%3D0s%26index%3D2||target:%20_blank\u00a0\u00bb add_icon=\u00a0\u00bbtrue\u00a0\u00bb][\/vc_column][\/vc_row][vc_row][vc_column][vc_column_text]<\/p>\n<div id=\"ConnectiveDocSignExtentionInstalled\" data-extension-version=\"1.0.4\"><\/div>\n<p>[\/vc_column_text][\/vc_column][\/vc_row]<\/p>\n<\/div>","protected":false},"excerpt":{"rendered":"<p>[vc_row][vc_column][vc_column_text] Pour votre carri\u00e8re Chercher du travail demande pas mal de pr\u00e9paration et d&rsquo;attention, et ce sont souvent les d\u00e9tails qui font la diff\u00e9rence. C&rsquo;est pourquoi nous vous donnons ici quelques conseils afin de&hellip;<\/p>\n","protected":false},"author":80,"featured_media":0,"parent":8,"menu_order":5,"comment_status":"closed","ping_status":"closed","template":"page-sidebar-left.php","meta":{"footnotes":""},"class_list":["post-15","page","type-page","status-publish","hentry"],"_links":{"self":[{"href":"https:\/\/manpower.lu\/fr\/wp-json\/wp\/v2\/pages\/15","targetHints":{"allow":["GET"]}}],"collection":[{"href":"https:\/\/manpower.lu\/fr\/wp-json\/wp\/v2\/pages"}],"about":[{"href":"https:\/\/manpower.lu\/fr\/wp-json\/wp\/v2\/types\/page"}],"author":[{"embeddable":true,"href":"https:\/\/manpower.lu\/fr\/wp-json\/wp\/v2\/users\/80"}],"replies":[{"embeddable":true,"href":"https:\/\/manpower.lu\/fr\/wp-json\/wp\/v2\/comments?post=15"}],"version-history":[{"count":0,"href":"https:\/\/manpower.lu\/fr\/wp-json\/wp\/v2\/pages\/15\/revisions"}],"up":[{"embeddable":true,"href":"https:\/\/manpower.lu\/fr\/wp-json\/wp\/v2\/pages\/8"}],"wp:attachment":[{"href":"https:\/\/manpower.lu\/fr\/wp-json\/wp\/v2\/media?parent=15"}],"curies":[{"name":"wp","href":"https:\/\/api.w.org\/{rel}","templated":true}]}}