{"id":17919,"date":"2020-04-27T10:09:22","date_gmt":"2020-04-27T09:09:22","guid":{"rendered":"http:\/\/manpower.lu\/?page_id=17919"},"modified":"2020-04-27T10:24:22","modified_gmt":"2020-04-27T09:24:22","slug":"covid19-faq","status":"publish","type":"page","link":"https:\/\/manpower.lu\/fr\/covid19-faq\/","title":{"rendered":"Covid19 FAQ"},"content":{"rendered":"<div class=\"wpb-content-wrapper\"><p>[vc_row][vc_column][vc_toggle title=\u00a0\u00bbJe suis \u00e0 la recherche d\u2019un emploi, est-ce encore possible de postuler ? \u00a0\u00bb el_id=\u00a0\u00bb1587977869942-29139f20-4a5f\u00a0\u00bb]Oui, Manpower est toujours \u00e0 la recherche de candidats pour certains secteurs d\u2019activit\u00e9 et pour pr\u00e9parer la reprise. Par ailleurs, les \u00e9quipes Manpower ont adapt\u00e9 leur m\u00e9thode de travail afin de pouvoir proposer un processus de recrutement 100% \u00e0 distance. N\u2019h\u00e9sitez donc pas \u00e0 postuler sur notre site www.manpower.lu[\/vc_toggle][vc_toggle title=\u00a0\u00bbMon contrat int\u00e9rimaire n\u2019a pas \u00e9t\u00e9 renouvel\u00e9 \u00e0 cause de la situation li\u00e9e au coronavirus, que puis-je faire? \u00a0\u00bb el_id=\u00a0\u00bb1587978034458-44347e56-b309&Prime;]Les salari\u00e9s qui perdent leur emploi \u00e0 cause des suites de la pand\u00e9mie COVID-19 sont pri\u00e9s de remplir le formulaire en ligne disponible sur le site de l&rsquo;Administration de l\u2019emploi (ADEM): <a href=\"https:\/\/adem.public.lu\/fr\/support\/inscription.html\" target=\"_blank\" rel=\"noopener noreferrer\">https:\/\/adem.public.lu\/fr\/support\/inscription.html<\/a>.<\/p>\n<p>Les conseillers de l&rsquo;ADEM se chargent ensuite de les contacter par t\u00e9l\u00e9phone ou par e-mail afin de finaliser leur inscription. Les donn\u00e9es mentionn\u00e9es sur le formulaire en ligne seront \u00e9galement utilis\u00e9es pour v\u00e9rifier si les conditions pour obtenir les indemnit\u00e9s de ch\u00f4mage sont remplies. Les conseillers de l&rsquo;ADEM contacteront les demandeurs d&#8217;emploi concern\u00e9s par t\u00e9l\u00e9phone afin de pr\u00e9parer la demande d&rsquo;indemnit\u00e9s de ch\u00f4mage.<\/p>\n<p>Il n&rsquo;est donc pas n\u00e9cessaire pour le salari\u00e9 concern\u00e9 de se rendre dans une agence de l&rsquo;ADEM pour s&rsquo;y inscrire ou pour y effectuer une demande d&rsquo;indemnit\u00e9 de ch\u00f4mage.[\/vc_toggle][vc_toggle title=\u00a0\u00bbQuel est le montant de l\u2019allocation de ch\u00f4mage temporaire ? \u00a0\u00bb el_id=\u00a0\u00bb1587978173986-616c62ef-4330&Prime;]Pendant la p\u00e9riode de ch\u00f4mage partiel, l&rsquo;Etat prend en charge l\u2019indemnit\u00e9 de compensation \u00e0 hauteur de 80% des salaires. Le remboursement est limit\u00e9 \u00e0 250 % du salaire social minimum pour non qualifi\u00e9s \u00e2g\u00e9s de 18 ans ou plus. Cette indemnit\u00e9 de compensation ne peut \u00eatre inf\u00e9rieure au montant du salaire social minimum pour salari\u00e9s non qualifi\u00e9s. Une \u00e9ventuelle diff\u00e9rence entre le montant de l\u2019indemnit\u00e9 de compensation et le salaire social minimum non-qualifi\u00e9 sera prise en charge par le Fonds pour l\u2019emploi, si vous \u00eates concern\u00e9s par le ch\u00f4mage partiel vous ne devez entreprendre aucune d\u00e9marche pour cela.[\/vc_toggle][vc_toggle title=\u00a0\u00bbJe viens d\u2019\u00eatre licenci\u00e9 d\u00fb au Covid-19, je suis frontalier que dois-je faire ?\u00a0\u00bb el_id=\u00a0\u00bb1587978247262-e91337e0-dc6a\u00a0\u00bb]En tant que frontalier, en cas de perte de votre emploi au Luxembourg pour des raisons ind\u00e9pendantes de votre volont\u00e9, vous pouvez, sous certaines conditions, b\u00e9n\u00e9ficier d\u2019une aide financi\u00e8re dans votre pays de r\u00e9sidence pour compenser l\u2019absence de votre principale source de revenus.<\/p>\n<p>Pour b\u00e9n\u00e9ficier des prestations de ch\u00f4mage dans votre pays de r\u00e9sidence, vous devez :<\/p>\n<p>\u2022 Faire remplir par votre dernier employeur au Luxembourg le formulaire \u00ab\u00a0Certificat de travail &#8211; cessation des relations d&#8217;emploi\u00a0\u00bb ;<br \/>\n\u2022 Transmettre ce certificat compl\u00e9t\u00e9, au Service Maintien de l&rsquo;Emploi de l\u2019ADEM qui se chargera de remplir et de faire parvenir un formulaire U1 (d\u2019apr\u00e8s le \u00ab\u00a0certificat de travail\u00a0\u00bb) \u00e0 destination de l\u2019institution comp\u00e9tente de votre pays de r\u00e9sidence ;<br \/>\n\u2022 Vous r\u00e9f\u00e9rer \u00e0 l\u2019organisme de votre pays de r\u00e9sidence pour les d\u00e9marches suivantes :<\/p>\n<p style=\"padding-left: 40px;\">o Pour l&rsquo;Allemagne : Agentur f\u00fcr Arbeit<br \/>\no Pour la Belgique : ONEM<br \/>\no Pour la France : P\u00f4le emploi<\/p>\n<p>[\/vc_toggle][vc_toggle title=\u00a0\u00bbQuelles sont les obligations de la soci\u00e9t\u00e9 pour laquelle je travaille afin de garantir ma s\u00e9curit\u00e9 ? \u00a0\u00bb el_id=\u00a0\u00bb1587978586106-b94ba088-4dcf\u00a0\u00bb]Pour les soci\u00e9t\u00e9s o\u00f9 cela est possible, le t\u00e9l\u00e9travail doit \u00eatre la norme. Si le t\u00e9l\u00e9travail n\u2019est pas possible, les r\u00e8gles de distanciation sociale sont obligatoires : une distance minimale de 2 m\u00e8tres entre vous et votre coll\u00e8gue le ou la plus proche. Les entreprises qui ne peuvent garantir ces r\u00e8gles doivent fermer. Si l\u2019entreprise pour laquelle vous travaillez ne respecte pas ces r\u00e8gles, veuillez-nous en avertir au plus vite en contactant votre personne de contact habituelle chez Manpower.[\/vc_toggle][vc_toggle title=\u00a0\u00bbQuand porter un masque ?\u00a0\u00bb el_id=\u00a0\u00bb1587978628531-c7ee8c86-fede\u00a0\u00bb]Depuis le lundi 20 avril, il est obligatoire de se couvrir le nez et la bouche par un masque, un foulard ou un bandana dans des endroits o\u00f9 une distance de 2 m\u00e8tres ne peut pas \u00eatre respect\u00e9e, notamment dans les magasins, les transports publics, au centre de recyclage ou sur les march\u00e9s. Les enfants de moins de 6 ans ne sont pas oblig\u00e9s de porter le masque.<\/p>\n<p>Les masques artisanaux en tissu, les foulards ou bandanas peuvent \u00eatre utilis\u00e9s plusieurs fois, sous condition d\u2019\u00eatre lav\u00e9s \u00e0 60 degr\u00e9s tous les jours apr\u00e8s utilisation.[\/vc_toggle][vc_toggle title=\u00a0\u00bbL\u2019entreprise pour laquelle je travaille doit-elle me fournir un masque et des gants ? \u00a0\u00bb el_id=\u00a0\u00bb1587978675937-e7126966-76fb\u00a0\u00bb]Si ces moyens de protection s&rsquo;appliquent dans le cadre de vos fonctions, l&rsquo;entreprise qui vous occupe doit les pr\u00e9voir tant pour le personnel permanent que pour les travailleurs int\u00e9rimaires.[\/vc_toggle][vc_toggle title=\u00a0\u00bbJe suis contamin\u00e9 par le coronavirus, que dois-je faire ? \u00a0\u00bb el_id=\u00a0\u00bb1587978723978-a706597d-2cb8&Prime;]Contactez au plus vite votre agence Manpower et la soci\u00e9t\u00e9 pour laquelle vous travaillez !<br \/>\nSi vous \u00eates en incapacit\u00e9 de travail, ce sont les r\u00e8gles ordinaires en mati\u00e8re d\u2019incapacit\u00e9 qui s\u2019appliquent.<\/p>\n<p>Si vous avez contract\u00e9 le virus et que votre \u00e9tat de sant\u00e9 le permet, vous devez vous rendre en isolement chez vous pendant deux semaines.<br \/>\nVous recevrez deux envois postaux de la part de la Direction de la sant\u00e9 dans les jours qui suivent le d\u00e9but de votre isolement avec :<br \/>\n\u2022 Un set de masques \u00e0 porter lorsque vous entrez en contact avec d\u2019autres personnes ;<br \/>\n\u2022 Des explications comment vous comporter pour \u00e9viter de contaminer d\u2019autres personnes (les gestes \u00e0 appliquer p.ex.) et une ordonnance \u00e0 l\u2019isolement qui vous servira de certificat d\u2019incapacit\u00e9 de travail.<br \/>\nVous serez aussi invit\u00e9 \u00e0 vous faire suivre \u00e0 distance en vous inscrivant de fa\u00e7on volontaire \u00e0 l\u2019application en ligne \u00ab\u00a0Maela\u00a0\u00bb. Il s\u2019agit d\u2019un syst\u00e8me national de t\u00e9l\u00e9-suivi qui permet aux \u00e9quipes m\u00e9dicales de savoir si vous allez bien ou si vous avez \u00e9ventuellement besoin d\u2019une assistance.<\/p>\n<p>Pendant deux semaines, vous pourrez r\u00e9pondre chaque jour \u00e0 un questionnaire m\u00e9dical adress\u00e9 \u00e0 une \u00e9quipe de professionnels de la Direction de la sant\u00e9.<\/p>\n<p>Dans ce contexte, le site <a href=\"https:\/\/www.suivicovid.lu\" target=\"_blank\" rel=\"noopener noreferrer\">www.suivicovid.lu<\/a> a \u00e9t\u00e9 mis en place.[\/vc_toggle][vc_toggle title=\u00a0\u00bbJ\u2019ai \u00e9t\u00e9 infect\u00e9 par le Covid-19, quand puis-je reprendre le travail ?\u00a0\u00bb el_id=\u00a0\u00bb1587978848962-51a03084-bc98&Prime;]Le minist\u00e8re de la sant\u00e9 a d\u00e9fini une p\u00e9riode d\u2019isolement de 14 jours pour les personnes atteintes du Virus Covid 19 et qui ne pr\u00e9sentent pas des sympt\u00f4mes n\u00e9cessitant une prise en charge en milieu hospitalier.<\/p>\n<p>Apr\u00e8s cette p\u00e9riode de 14 jours, la personne est consid\u00e9r\u00e9e gu\u00e9rie et peut reprendre le travail sous condition qu\u2019elle \u00e9tait asymptomatique pendant les 48 heures qui pr\u00e9c\u00e8dent.<\/p>\n<p>Si jamais elle pr\u00e9sente encore des sympt\u00f4mes au 14\u00e8me jour, le m\u00e9decin prolongera l\u2019arr\u00eat encore de 7 jours. Pour en savoir plus : <a href=\"https:\/\/www.stm.lu\/news\/reprise-de-travail-apres-une-infection-covid-19\/\" target=\"_blank\" rel=\"noopener noreferrer\">https:\/\/www.stm.lu\/news\/reprise-de-travail-apres-une-infection-covid-19\/<\/a>[\/vc_toggle][\/vc_column][\/vc_row]<\/p>\n<\/div>","protected":false},"excerpt":{"rendered":"<p>[vc_row][vc_column][vc_toggle title=\u00a0\u00bbJe suis \u00e0 la recherche d\u2019un emploi, est-ce encore possible de postuler ? \u00a0\u00bb el_id=\u00a0\u00bb1587977869942-29139f20-4a5f\u00a0\u00bb]Oui, Manpower est toujours \u00e0 la recherche de candidats pour certains secteurs d\u2019activit\u00e9 et pour pr\u00e9parer la reprise. Par&hellip;<\/p>\n","protected":false},"author":80,"featured_media":0,"parent":0,"menu_order":0,"comment_status":"closed","ping_status":"closed","template":"page-sidebar-left.php","meta":{"footnotes":""},"class_list":["post-17919","page","type-page","status-publish","hentry"],"_links":{"self":[{"href":"https:\/\/manpower.lu\/fr\/wp-json\/wp\/v2\/pages\/17919","targetHints":{"allow":["GET"]}}],"collection":[{"href":"https:\/\/manpower.lu\/fr\/wp-json\/wp\/v2\/pages"}],"about":[{"href":"https:\/\/manpower.lu\/fr\/wp-json\/wp\/v2\/types\/page"}],"author":[{"embeddable":true,"href":"https:\/\/manpower.lu\/fr\/wp-json\/wp\/v2\/users\/80"}],"replies":[{"embeddable":true,"href":"https:\/\/manpower.lu\/fr\/wp-json\/wp\/v2\/comments?post=17919"}],"version-history":[{"count":0,"href":"https:\/\/manpower.lu\/fr\/wp-json\/wp\/v2\/pages\/17919\/revisions"}],"wp:attachment":[{"href":"https:\/\/manpower.lu\/fr\/wp-json\/wp\/v2\/media?parent=17919"}],"curies":[{"name":"wp","href":"https:\/\/api.w.org\/{rel}","templated":true}]}}