{"id":249,"date":"2016-05-19T11:09:26","date_gmt":"2016-05-19T10:09:26","guid":{"rendered":"http:\/\/manpower.lu\/?page_id=249"},"modified":"2018-07-24T10:25:45","modified_gmt":"2018-07-24T09:25:45","slug":"votre-specialisation","status":"publish","type":"page","link":"https:\/\/manpower.lu\/fr\/candidats\/votre-specialisation\/","title":{"rendered":"Votre sp\u00e9cialisation"},"content":{"rendered":"<div class=\"wpb-content-wrapper\"><p>[vc_row][vc_column][vc_column_text]<\/p>\n<h3><b>D\u00e9couvrez nos divisions<\/b><\/h3>\n<p>Manpower vous aide \u00e0 faire les bons choix \u00e0 chaque \u00e9tape de votre carri\u00e8re. Que vous soyez \u00e9tudiant ou d\u00e9butant, ou \u00e0 la recherche d&rsquo;un nouveau d\u00e9fi : nos consultants connaissent parfaitement votre sp\u00e9cialisation et vous aident dans votre recherche d&rsquo;<a href=\"http:\/\/manpower.lu\/offres-demploi\/\" target=\"_blank\" rel=\"noopener\">emploi fixe ou temporaire<\/a>.[\/vc_column_text][\/vc_column][\/vc_row][vc_row][vc_column][vc_tta_accordion active_section=\u00a0\u00bb\u00a0\u00bb][vc_tta_section title=\u00a0\u00bbOFFICE PEOPLE\u00a0\u00bb tab_id=\u00a0\u00bb1465803161519-e586339f-a40a\u00a0\u00bb el_class=\u00a0\u00bbop\u00a0\u00bb][vc_column_text]<\/p>\n<h4><b>MANPOWER VOUS AIDE \u00c0 TROUVER UN EMPLOI DANS LES FONCTIONS SUIVANTES :<\/b><\/h4>\n<ul>\n<li>Office manager<\/li>\n<li>Assistante de direction<\/li>\n<li>Employ\u00e9 administratif<\/li>\n<li>Collaborateur service commercial interne<\/li>\n<li>Marketing assistant<\/li>\n<li>Purchase assistant<\/li>\n<li>HR officer<\/li>\n<li>Consultant payroll<\/li>\n<li>Secr\u00e9taire<\/li>\n<li>R\u00e9ceptionniste<\/li>\n<li>Traducteur<\/li>\n<li>\u2026<\/li>\n<\/ul>\n<p><a href=\"http:\/\/manpower.lu\/offres-demploi\/\">Nos offres d\u2019emploi<\/a>[\/vc_column_text][\/vc_tta_section][vc_tta_section title=\u00a0\u00bbCONTACT CENTER\u00a0\u00bb tab_id=\u00a0\u00bb1465803161638-dec88f11-a995&Prime; el_class=\u00a0\u00bbcc\u00a0\u00bb][vc_column_text]<\/p>\n<h4><b>MANPOWER VOUS AIDE \u00c0 TROUVER UN EMPLOI DANS LES FONCTIONS SUIVANTES :<\/b><\/h4>\n<ul>\n<li>Superviseur<\/li>\n<li>Team leader<\/li>\n<li>Customer service agent<\/li>\n<li>Telemarketeer<\/li>\n<li>Collaborateur telesales<\/li>\n<li>T\u00e9l\u00e9op\u00e9rateur inbound et outbound<\/li>\n<li>Collaborateur helpdesk firstline<\/li>\n<li>Enqu\u00eateur<\/li>\n<li>\u2026<\/li>\n<\/ul>\n<p><a href=\"http:\/\/manpower.lu\/offres-demploi\/\">Nos offres d\u2019emploi<\/a>[\/vc_column_text][\/vc_tta_section][vc_tta_section title=\u00a0\u00bbFINANCE\u00a0\u00bb tab_id=\u00a0\u00bb1465803957778-d55602a7-4560&Prime; el_class=\u00a0\u00bbfi\u00a0\u00bb][vc_column_text]<\/p>\n<h4><b>MANPOWER VOUS AIDE \u00c0 TROUVER UN EMPLOI DANS LES FONCTIONS SUIVANTES :<\/b><\/h4>\n<ul>\n<li>Comptable g\u00e9n\u00e9raliste<\/li>\n<li>Comptable fournisseurs\/clients<\/li>\n<li>Contr\u00f4leur de gestion<\/li>\n<li>Conseiller financier<\/li>\n<li>Back office banking<\/li>\n<li>Gestionnaire sinistre<\/li>\n<li>Gestionnaire production<\/li>\n<li>Finance manager<\/li>\n<li>\u2026<\/li>\n<\/ul>\n<p><a href=\"http:\/\/manpower.lu\/offres-demploi\/\">Nos offres d\u2019emploi<\/a>[\/vc_column_text][\/vc_tta_section][vc_tta_section title=\u00a0\u00bbINDUSTRY\u00a0\u00bb tab_id=\u00a0\u00bb1465804121828-4a4b6856-2d82&Prime; el_class=\u00a0\u00bbin\u00a0\u00bb][vc_column_text]<\/p>\n<h4><b>MANPOWER VOUS AIDE \u00c0 TROUVER UN EMPLOI DANS LES FONCTIONS SUIVANTES : \u00a0<\/b><\/h4>\n<ul>\n<li>Ouvrier<\/li>\n<li>Op\u00e9rateur de machine<\/li>\n<li>Technicien d\u2019entretien<\/li>\n<li>M\u00e9tallurgiste<\/li>\n<li>Electricien<\/li>\n<li>Soudeur<\/li>\n<li>Fraiseur<\/li>\n<li>(electro-)m\u00e9canicien<\/li>\n<li>Emballeur<\/li>\n<li>Monteur<\/li>\n<li>Menuisier<\/li>\n<li>Eb\u00e9niste<\/li>\n<li>Peintre<\/li>\n<li>Plombier<\/li>\n<li>Carrossier<\/li>\n<li>Chef d\u2019\u00e9quipe\/contrema\u00eetre<\/li>\n<li>Team leader<\/li>\n<li>Personnel d\u2019entretien<\/li>\n<li>\u2026<\/li>\n<\/ul>\n<p><a href=\"http:\/\/manpower.lu\/offres-demploi\/\">Nos offres d\u2019emploi<\/a>[\/vc_column_text][\/vc_tta_section][vc_tta_section title=\u00a0\u00bbLOGISTICS\u00a0\u00bb tab_id=\u00a0\u00bb1465804439994-391bc70b-afe8&Prime; el_class=\u00a0\u00bblo\u00a0\u00bb][vc_column_text]<\/p>\n<h4><b>MANPOWER VOUS AIDE \u00c0 TROUVER UN EMPLOI DANS LES FONCTIONS SUIVANTES : \u00a0<\/b><\/h4>\n<ul>\n<li>Superviseur<\/li>\n<li>Team leader<\/li>\n<li>(Chef) magasinier<\/li>\n<li>Chauffeur de chariot \u00e9l\u00e9vateur<\/li>\n<li>Pr\u00e9parateur de commandes<\/li>\n<li>Contr\u00f4leur qualit\u00e9<\/li>\n<li>Manutentionnaire<\/li>\n<li>Exp\u00e9diteur<\/li>\n<li>Employ\u00e9 Manifest<\/li>\n<li>Planner<\/li>\n<li>Dispatcher<\/li>\n<li>Courrier<\/li>\n<li>Chauffeur (B, C, CE)<\/li>\n<li>\u2026<\/li>\n<\/ul>\n<p><a href=\"http:\/\/manpower.lu\/offres-demploi\/\">Nos offres d\u2019emploi<\/a>[\/vc_column_text][\/vc_tta_section][vc_tta_section title=\u00a0\u00bbBTP\u00a0\u00bb tab_id=\u00a0\u00bb1465804522620-96de0fc7-254a\u00a0\u00bb el_class=\u00a0\u00bbbtp\u00a0\u00bb][vc_column_text]<\/p>\n<h4><b>MANPOWER VOUS AIDE \u00c0 TROUVER UN EMPLOI DANS LES FONCTIONS SUIVANTES :<\/b><\/h4>\n<ul>\n<li>Manoeuvre BTP<\/li>\n<li>Ma\u00e7on \/ Coffreur \/ Ferrailleur<\/li>\n<li>Peintre \u2013 Enduiseur \u2013 Fa\u00e7adier<\/li>\n<li>Pl\u00e2trier \u2013 Plaquis<\/li>\n<li>Menuisier<\/li>\n<li>Couvreur \u2013 Zingueur<\/li>\n<li>Etancheur \u2013 Bardeur<\/li>\n<li>Monteur \/ D\u00e9panneur Sanitaire \u2013 Chauffage<\/li>\n<li>Technicien HVAC \/ Frigoriste<\/li>\n<li>Carreleur<\/li>\n<li>Electricien<\/li>\n<li>Conducteur d\u2019Engins \/ Chauffeur Benne TP<\/li>\n<li>\u2026<\/li>\n<\/ul>\n<p><a href=\"http:\/\/manpower.lu\/offres-demploi\/\">Nos offres d\u2019emploi<\/a>[\/vc_column_text][\/vc_tta_section][vc_tta_section title=\u00a0\u00bbHORECA &amp; EVENTS\u00a0\u00bb tab_id=\u00a0\u00bb1465804577195-9d474364-ec15&Prime; el_class=\u00a0\u00bbho\u00a0\u00bb][vc_column_text]<\/p>\n<h4><b>MANPOWER VOUS AIDE \u00c0 TROUVER UN EMPLOI DANS LES FONCTIONS SUIVANTES :<\/b><\/h4>\n<ul>\n<li>Boulanger<\/li>\n<li>Barman<\/li>\n<li>Plongeur<\/li>\n<li>Chef cuisinier<\/li>\n<li>Concierge<\/li>\n<li>Serveur<\/li>\n<li>F&amp;B manager<\/li>\n<li>Collaborateur guest relations<\/li>\n<li>R\u00e9ceptionniste h\u00f4tel<\/li>\n<li>Housekeeping manager<\/li>\n<li>Aide-serveur<\/li>\n<li>Femme de chambre<\/li>\n<li>Commis de cuisine<\/li>\n<li>Personnel de cuisine<\/li>\n<li>Cuisinier<\/li>\n<li>Ma\u00eetre d\u2019h\u00f4tel<\/li>\n<li>Boucher<\/li>\n<li>Sommelier<\/li>\n<li>Animateur<\/li>\n<li>D\u00e9monstrateur<\/li>\n<li>Coordinateur d\u2019\u00e9v\u00e8nements<\/li>\n<li>Guide<\/li>\n<li>Collaborateur touristique<\/li>\n<li>Moniteur<\/li>\n<li>H\u00f4tesse d\u2019accueil &amp; VIP<\/li>\n<li>Parking boy<\/li>\n<li>Promo boy ou girl<\/li>\n<li>Agent de voyage<\/li>\n<li>Collaborateur ticketing<\/li>\n<\/ul>\n<p><a href=\"http:\/\/manpower.lu\/offres-demploi\/\">Nos offres d\u2019emploi<\/a>[\/vc_column_text][\/vc_tta_section][vc_tta_section title=\u00a0\u00bbRETAIL\u00a0\u00bb tab_id=\u00a0\u00bb1465804630544-b8f08269-7cae\u00a0\u00bb el_class=\u00a0\u00bbre\u00a0\u00bb][vc_column_text]<\/p>\n<h4><b>MANPOWER VOUS AIDE DANS LES FONCTIONS SUIVANTES :<\/b><\/h4>\n<ul>\n<li>Assistant Shop Manager<\/li>\n<li>Shop Manager<\/li>\n<li>Caissier<\/li>\n<li>Vendeur<\/li>\n<li>Inventoriste<\/li>\n<li>Employ\u00e9 polyvalent en magasin<\/li>\n<\/ul>\n<p><a href=\"http:\/\/manpower.lu\/offres-demploi\/\">Nos offres d\u2019emploi<\/a>[\/vc_column_text][\/vc_tta_section][vc_tta_section title=\u00a0\u00bbSALES &amp; MARKETING\u00a0\u00bb tab_id=\u00a0\u00bb1465804692519-f5a3c3c5-636c\u00a0\u00bb el_class=\u00a0\u00bbsa\u00a0\u00bb][vc_column_text]<\/p>\n<h4><b>SALES<\/b><\/h4>\n<ul>\n<li>Account manager<\/li>\n<li>Business developer<\/li>\n<li>Sales manager<\/li>\n<li>Sales support<\/li>\n<li>Inside sales<\/li>\n<li>Key Account Manager<\/li>\n<li>Sales representative<\/li>\n<\/ul>\n<h4><b>MARKETING<\/b><\/h4>\n<ul>\n<li>Marketing Coordinator<\/li>\n<li>Marketing assistant<\/li>\n<li>Digital Marketing<\/li>\n<li>Brand Manager<\/li>\n<li>Product Manager<\/li>\n<li>Marketing Manager<\/li>\n<\/ul>\n<p><a href=\"http:\/\/manpower.lu\/offres-demploi\/\">Nos offres d\u2019emploi<\/a>[\/vc_column_text][\/vc_tta_section][\/vc_tta_accordion][\/vc_column][\/vc_row][vc_row][vc_column][vc_column_text]<a href=\"\/a-propos\/agences\/\">Trouvez une agence pr\u00e8s de chez moi<\/a><br \/>\n<a href=\"http:\/\/manpower.lu\/candidats\/nos-conseils-emploi\/\">R\u00e9ussir ma candidature<\/a>[\/vc_column_text][\/vc_column][\/vc_row]<\/p>\n<\/div>","protected":false},"excerpt":{"rendered":"<p>[vc_row][vc_column][vc_column_text] D\u00e9couvrez nos divisions Manpower vous aide \u00e0 faire les bons choix \u00e0 chaque \u00e9tape de votre carri\u00e8re. Que vous soyez \u00e9tudiant ou d\u00e9butant, ou \u00e0 la recherche d&rsquo;un nouveau d\u00e9fi : nos consultants&hellip;<\/p>\n","protected":false},"author":80,"featured_media":0,"parent":8,"menu_order":4,"comment_status":"closed","ping_status":"closed","template":"page-sidebar-left.php","meta":{"footnotes":""},"class_list":["post-249","page","type-page","status-publish","hentry"],"_links":{"self":[{"href":"https:\/\/manpower.lu\/fr\/wp-json\/wp\/v2\/pages\/249","targetHints":{"allow":["GET"]}}],"collection":[{"href":"https:\/\/manpower.lu\/fr\/wp-json\/wp\/v2\/pages"}],"about":[{"href":"https:\/\/manpower.lu\/fr\/wp-json\/wp\/v2\/types\/page"}],"author":[{"embeddable":true,"href":"https:\/\/manpower.lu\/fr\/wp-json\/wp\/v2\/users\/80"}],"replies":[{"embeddable":true,"href":"https:\/\/manpower.lu\/fr\/wp-json\/wp\/v2\/comments?post=249"}],"version-history":[{"count":0,"href":"https:\/\/manpower.lu\/fr\/wp-json\/wp\/v2\/pages\/249\/revisions"}],"up":[{"embeddable":true,"href":"https:\/\/manpower.lu\/fr\/wp-json\/wp\/v2\/pages\/8"}],"wp:attachment":[{"href":"https:\/\/manpower.lu\/fr\/wp-json\/wp\/v2\/media?parent=249"}],"curies":[{"name":"wp","href":"https:\/\/api.w.org\/{rel}","templated":true}]}}