{"id":257,"date":"2016-05-19T11:33:39","date_gmt":"2016-05-19T10:33:39","guid":{"rendered":"http:\/\/manpower.lu\/?page_id=257"},"modified":"2016-09-05T09:45:30","modified_gmt":"2016-09-05T08:45:30","slug":"pourquoi-manpower","status":"publish","type":"page","link":"https:\/\/manpower.lu\/fr\/candidats\/pourquoi-manpower\/","title":{"rendered":"Pourquoi Manpower"},"content":{"rendered":"<ul class=\"mp\">\n<li>\n<h4>Trouvez le job qui vous convient et correspond \u00e0 vos objectifs<\/h4>\n<\/li>\n<\/ul>\n<p>Vous trouverez sur notre site un large choix d\u2019offres d\u2019emploi dans tous les secteurs. Sa structure de navigation tr\u00e8s pratique vous aide \u00e0 rep\u00e9rer l&#8217;emploi qui vous correspond.<\/p>\n<ul class=\"mp\">\n<li>\n<h4>Nos consultants sont les meilleurs coachs<\/h4>\n<\/li>\n<\/ul>\n<p>Vous avez la parole, nos consultants vous \u00e9coutent et posent des questions. Ils vous accompagnent tout au long de votre carri\u00e8re et vous aident \u00e0 progresser, mais c&rsquo;est vous qui tenez les r\u00eanes.<\/p>\n<ul class=\"mp\">\n<li>\n<h4>Pas de frais administratifs pour vous<\/h4>\n<\/li>\n<\/ul>\n<p>Vous \u00eates pay\u00e9 \u00e0 temps et recevez un salaire adapt\u00e9. Tout est en ordre au niveau de la s\u00e9curit\u00e9 sociale et nous nous occupons de toutes les d\u00e9marches administratives\u2026 \u00e0 votre place !<\/p>\n<ul class=\"mp\">\n<li>\n<h4>Votre bien-\u00eatre et votre s\u00e9curit\u00e9 sont importants<\/h4>\n<\/li>\n<\/ul>\n<p>Nous prenons soin de vous ! Avant chacune de vos missions, nous \u00e9valuons les risques et prenons toutes les mesures de pr\u00e9caution n\u00e9cessaires. Vous recevez une formation \u00ab pr\u00e9vention &amp; s\u00e9curit\u00e9 \u00bb avant votre mission ainsi que tous les v\u00eatements de travail n\u00e9cessaires.<\/p>\n<ul class=\"mp\">\n<li>\n<h4>B\u00e9n\u00e9ficiez de l\u2019expertise de ManpowerGroup<\/h4>\n<\/li>\n<\/ul>\n<p>Profitez de l\u2019exp\u00e9rience d\u2019un groupe international! Gr\u00e2ce \u00e0 Manpower, vous pourrez vous d\u00e9velopper tout au long de votre carri\u00e8re. Nous vous aidons \u00e0 r\u00e9ussir dans le nouveau monde du travail\u2026 Bienvenue dans le \u2018Human Age\u2019 !<\/p>\n","protected":false},"excerpt":{"rendered":"<p>Trouvez le job qui vous convient et correspond \u00e0 vos objectifs Vous trouverez sur notre site un large choix d\u2019offres d\u2019emploi dans tous les secteurs. Sa structure de navigation tr\u00e8s pratique vous aide \u00e0&hellip;<\/p>\n","protected":false},"author":80,"featured_media":0,"parent":8,"menu_order":6,"comment_status":"closed","ping_status":"closed","template":"page-sidebar-left.php","meta":{"footnotes":""},"class_list":["post-257","page","type-page","status-publish","hentry"],"_links":{"self":[{"href":"https:\/\/manpower.lu\/fr\/wp-json\/wp\/v2\/pages\/257","targetHints":{"allow":["GET"]}}],"collection":[{"href":"https:\/\/manpower.lu\/fr\/wp-json\/wp\/v2\/pages"}],"about":[{"href":"https:\/\/manpower.lu\/fr\/wp-json\/wp\/v2\/types\/page"}],"author":[{"embeddable":true,"href":"https:\/\/manpower.lu\/fr\/wp-json\/wp\/v2\/users\/80"}],"replies":[{"embeddable":true,"href":"https:\/\/manpower.lu\/fr\/wp-json\/wp\/v2\/comments?post=257"}],"version-history":[{"count":0,"href":"https:\/\/manpower.lu\/fr\/wp-json\/wp\/v2\/pages\/257\/revisions"}],"up":[{"embeddable":true,"href":"https:\/\/manpower.lu\/fr\/wp-json\/wp\/v2\/pages\/8"}],"wp:attachment":[{"href":"https:\/\/manpower.lu\/fr\/wp-json\/wp\/v2\/media?parent=257"}],"curies":[{"name":"wp","href":"https:\/\/api.w.org\/{rel}","templated":true}]}}