{"id":259,"date":"2016-05-19T12:19:10","date_gmt":"2016-05-19T11:19:10","guid":{"rendered":"http:\/\/manpower.lu\/?page_id=259"},"modified":"2016-06-28T16:10:03","modified_gmt":"2016-06-28T15:10:03","slug":"employeurs","status":"publish","type":"page","link":"https:\/\/manpower.lu\/fr\/employeurs\/","title":{"rendered":"Employeurs"},"content":{"rendered":"<div class=\"wpb-content-wrapper\"><p>[vc_row][vc_column][vc_column_text]<b>Le march\u00e9 du travail \u00e9volue en permanence. Et vous ?<br \/>\n<\/b>Votre secteur \u00e9volue et votre entreprise doit au moins s&rsquo;adapter aussi vite. Ce n&rsquo;est pas une sin\u00e9cure dans un march\u00e9 du travail difficile, car les candidats sont eux aussi de plus en plus exigeants en mati\u00e8re d\u2019agilit\u00e9 et de mobilit\u00e9.<\/p>\n<p>Gr\u00e2ce \u00e0 une offre de services tr\u00e8s compl\u00e8te, approfondie et \u00e9largie constamment, Manpower parvient \u00e0 combler le foss\u00e9 entre l&rsquo;offre et la demande. Nous trouvons pour vous les bons candidats et nous investissons dans les talents de demain. Notre <a href=\"\/a-propos\/\" target=\"_blank\">vision en tant qu&rsquo;acteur international de premier plan<\/a> nous aide \u00e0 faire la diff\u00e9rence.[\/vc_column_text][\/vc_column][\/vc_row]<\/p>\n<\/div>","protected":false},"excerpt":{"rendered":"<p>[vc_row][vc_column][vc_column_text]Le march\u00e9 du travail \u00e9volue en permanence. Et vous ? Votre secteur \u00e9volue et votre entreprise doit au moins s&rsquo;adapter aussi vite. Ce n&rsquo;est pas une sin\u00e9cure dans un march\u00e9 du travail difficile, car&hellip;<\/p>\n","protected":false},"author":80,"featured_media":0,"parent":0,"menu_order":7,"comment_status":"closed","ping_status":"closed","template":"page-sidebar-left.php","meta":{"footnotes":""},"class_list":["post-259","page","type-page","status-publish","hentry"],"_links":{"self":[{"href":"https:\/\/manpower.lu\/fr\/wp-json\/wp\/v2\/pages\/259","targetHints":{"allow":["GET"]}}],"collection":[{"href":"https:\/\/manpower.lu\/fr\/wp-json\/wp\/v2\/pages"}],"about":[{"href":"https:\/\/manpower.lu\/fr\/wp-json\/wp\/v2\/types\/page"}],"author":[{"embeddable":true,"href":"https:\/\/manpower.lu\/fr\/wp-json\/wp\/v2\/users\/80"}],"replies":[{"embeddable":true,"href":"https:\/\/manpower.lu\/fr\/wp-json\/wp\/v2\/comments?post=259"}],"version-history":[{"count":0,"href":"https:\/\/manpower.lu\/fr\/wp-json\/wp\/v2\/pages\/259\/revisions"}],"wp:attachment":[{"href":"https:\/\/manpower.lu\/fr\/wp-json\/wp\/v2\/media?parent=259"}],"curies":[{"name":"wp","href":"https:\/\/api.w.org\/{rel}","templated":true}]}}