{"id":262,"date":"2016-05-19T12:26:34","date_gmt":"2016-05-19T11:26:34","guid":{"rendered":"http:\/\/manpower.lu\/?page_id=262"},"modified":"2016-06-20T11:07:05","modified_gmt":"2016-06-20T10:07:05","slug":"specialisations","status":"publish","type":"page","link":"https:\/\/manpower.lu\/fr\/employeurs\/specialisations\/","title":{"rendered":"Sp\u00e9cialisations"},"content":{"rendered":"<p><b>\u2192\u00a0 Nous connaissons votre secteur.<br \/>\n<\/b>Nos principaux atouts sont notre exp\u00e9rience unique des rapports humains et de solides connaissances dans tous les secteurs. Manpower combine en effet sa passion pour les ressources humaines \u00e0 un grand int\u00e9r\u00eat pour votre domaine de comp\u00e9tence. Nous investissons dans le potentiel de nos candidats et nous sommes sans cesse \u00e0 la recherche de nouvelles fa\u00e7ons de mettre ces talents tant recherch\u00e9s au service de votre entreprise.<\/p>\n<p><b>\u2192\u00a0 Les comp\u00e9tences que vous recherchez<br \/>\n<\/b>Les sp\u00e9cialisations de Manpower sont les suivantes : \u00a0office people, contact center, Finance, industry, logistics, BTP, sales&amp;marketing, retail, et horeca &amp; events. Pour obtenir de plus amples informations ou pour commencer d\u00e8s maintenant votre recherche d&rsquo;un nouveau collaborateur, vous pouvez vous adresser \u00e0 une des agences Manpower pr\u00e8s de chez vous.<\/p>\n<p><b>\u2192\u00a0 Egalement pour les experts<br \/>\n<\/b>Vos projets sont en pleine phase de d\u00e9veloppement et dans ce cadre, vous recherchez des experts en IT, Finance &amp; HR, Engineering &amp; Scientific. \u00a0<a href=\"http:\/\/www.experis.lu\" target=\"_blank\">Experis<\/a> veille \u00e0 ce que les meilleurs talents soient aiguill\u00e9s vers vos offres d\u2019emploi \u2013 que ce soit pour des postes fixes ou sur la base de projets.<\/p>\n","protected":false},"excerpt":{"rendered":"<p>\u2192\u00a0 Nous connaissons votre secteur. Nos principaux atouts sont notre exp\u00e9rience unique des rapports humains et de solides connaissances dans tous les secteurs. Manpower combine en effet sa passion pour les ressources humaines \u00e0&hellip;<\/p>\n","protected":false},"author":80,"featured_media":0,"parent":259,"menu_order":8,"comment_status":"closed","ping_status":"closed","template":"page-sidebar-left.php","meta":{"footnotes":""},"class_list":["post-262","page","type-page","status-publish","hentry"],"_links":{"self":[{"href":"https:\/\/manpower.lu\/fr\/wp-json\/wp\/v2\/pages\/262","targetHints":{"allow":["GET"]}}],"collection":[{"href":"https:\/\/manpower.lu\/fr\/wp-json\/wp\/v2\/pages"}],"about":[{"href":"https:\/\/manpower.lu\/fr\/wp-json\/wp\/v2\/types\/page"}],"author":[{"embeddable":true,"href":"https:\/\/manpower.lu\/fr\/wp-json\/wp\/v2\/users\/80"}],"replies":[{"embeddable":true,"href":"https:\/\/manpower.lu\/fr\/wp-json\/wp\/v2\/comments?post=262"}],"version-history":[{"count":0,"href":"https:\/\/manpower.lu\/fr\/wp-json\/wp\/v2\/pages\/262\/revisions"}],"up":[{"embeddable":true,"href":"https:\/\/manpower.lu\/fr\/wp-json\/wp\/v2\/pages\/259"}],"wp:attachment":[{"href":"https:\/\/manpower.lu\/fr\/wp-json\/wp\/v2\/media?parent=262"}],"curies":[{"name":"wp","href":"https:\/\/api.w.org\/{rel}","templated":true}]}}