{"id":285,"date":"2016-05-19T13:23:45","date_gmt":"2016-05-19T12:23:45","guid":{"rendered":"http:\/\/manpower.lu\/?page_id=285"},"modified":"2016-07-11T14:13:20","modified_gmt":"2016-07-11T13:13:20","slug":"solutions-rh","status":"publish","type":"page","link":"https:\/\/manpower.lu\/fr\/employeurs\/solutions-rh\/","title":{"rendered":"Solutions RH"},"content":{"rendered":"<p>Le monde du travail \u00e9volue \u00e0 une allure effr\u00e9n\u00e9e. \u00a0Aujourd\u2019hui, nous sommes entr\u00e9s dans le Human Age, une \u00e8re o\u00f9 le talent est le premier moteur du d\u00e9veloppement des entreprises. Manpower vous aide \u00a0\u00e0 traduire vos objectifs en une strat\u00e9gie RH performante. Nos consultants exp\u00e9riment\u00e9s, qui connaissent parfaitement le march\u00e9 du travail ainsi que votre domaine d\u2019activit\u00e9, trouveront la solution la plus adapt\u00e9e pour vous permettre de faire la diff\u00e9rence sur vos march\u00e9s.<\/p>\n<h4>Rechercher des talents<\/h4>\n<p>Nous mettons tout en \u0153uvre pour vous donner acc\u00e8s aux talents que vous recherchez, l\u00e0 o\u00f9 ils se trouvent. Pour les placer ensuite au bon endroit et au bon moment, en choisissant avec vous la meilleure formule contrat.<\/p>\n<p>Pour les placer ensuite au bon endroit et au bon moment, en choisissant avec vous la meilleure formule contrat : <a href=\"\/employeurs\/solutions-rh\/rechercher-des-talents\/\" target=\"_blank\">Int\u00e9rim, solutions de payroll, de l\u2019int\u00e9rim au travail fixe, contrat \u00e0 dur\u00e9e ind\u00e9termin\u00e9e.<\/a><\/p>\n<p><a href=\"\/employeurs\/solutions-rh\/rechercher-des-talents\/\" target=\"_blank\">Lisez tout sur nos formules de contrat<\/a><\/p>\n<h4>Solutions sur mesure<\/h4>\n<p>Notre gamme compl\u00e8te solutions innovantes vous permettront de relever les d\u00e9fis du monde du travail et de b\u00e2tir une strat\u00e9gie RH performante.<\/p>\n<p>Vous pouvez vous appuyer sur l\u2019expertise de ManpowerGroup pour :<\/p>\n<ul>\n<li>la recherche d\u2019experts IT, Finance, HR, Engineering ou Scientific<\/li>\n<li>l\u2019externalisation de certaines fonctions de votre entreprise<\/li>\n<li>les solutions pour optimiser la flexibilit\u00e9 de votre entreprise<\/li>\n<li>l\u2019externalisation de vos activit\u00e9s de recrutement<\/li>\n<\/ul>\n<p><a href=\"\/employeurs\/solutions-rh\/solutions-sur-mesure\/\" target=\"_blank\">Lisez tout sur nos solutions sur mesure<\/a><\/p>\n","protected":false},"excerpt":{"rendered":"<p>Le monde du travail \u00e9volue \u00e0 une allure effr\u00e9n\u00e9e. \u00a0Aujourd\u2019hui, nous sommes entr\u00e9s dans le Human Age, une \u00e8re o\u00f9 le talent est le premier moteur du d\u00e9veloppement des entreprises. Manpower vous aide \u00a0\u00e0&hellip;<\/p>\n","protected":false},"author":80,"featured_media":0,"parent":259,"menu_order":18,"comment_status":"closed","ping_status":"closed","template":"page-sidebar-left.php","meta":{"footnotes":""},"class_list":["post-285","page","type-page","status-publish","hentry"],"_links":{"self":[{"href":"https:\/\/manpower.lu\/fr\/wp-json\/wp\/v2\/pages\/285","targetHints":{"allow":["GET"]}}],"collection":[{"href":"https:\/\/manpower.lu\/fr\/wp-json\/wp\/v2\/pages"}],"about":[{"href":"https:\/\/manpower.lu\/fr\/wp-json\/wp\/v2\/types\/page"}],"author":[{"embeddable":true,"href":"https:\/\/manpower.lu\/fr\/wp-json\/wp\/v2\/users\/80"}],"replies":[{"embeddable":true,"href":"https:\/\/manpower.lu\/fr\/wp-json\/wp\/v2\/comments?post=285"}],"version-history":[{"count":0,"href":"https:\/\/manpower.lu\/fr\/wp-json\/wp\/v2\/pages\/285\/revisions"}],"up":[{"embeddable":true,"href":"https:\/\/manpower.lu\/fr\/wp-json\/wp\/v2\/pages\/259"}],"wp:attachment":[{"href":"https:\/\/manpower.lu\/fr\/wp-json\/wp\/v2\/media?parent=285"}],"curies":[{"name":"wp","href":"https:\/\/api.w.org\/{rel}","templated":true}]}}