{"id":287,"date":"2016-05-19T13:26:19","date_gmt":"2016-05-19T12:26:19","guid":{"rendered":"http:\/\/manpower.lu\/?page_id=287"},"modified":"2016-06-20T11:14:42","modified_gmt":"2016-06-20T10:14:42","slug":"rechercher-des-talents","status":"publish","type":"page","link":"https:\/\/manpower.lu\/fr\/employeurs\/solutions-rh\/rechercher-des-talents\/","title":{"rendered":"Rechercher des talents"},"content":{"rendered":"<h2><b>Int\u00e9rim<\/b><\/h2>\n<p>Vous recherchez du renfort pour les p\u00e9riodes de pic d&rsquo;activit\u00e9 ? Vous voulez remplacer un collaborateur malade ? Nos consultants trouvent pour vous le candidat id\u00e9al. Pour des missions courtes ou longues et dans n&rsquo;importe quelle situation. D&rsquo;ailleurs, saviez-vous que c&rsquo;est Manpower qui a invent\u00e9 le travail temporaire ?<\/p>\n<h2><b>Solutions de payroll<\/b><\/h2>\n<p>Vous avez d\u00e9j\u00e0 trouv\u00e9 votre int\u00e9rimaire? Parfait : gr\u00e2ce \u00e0 nos solutions de payroll, vous pouvez nous confier l&rsquo;esprit tranquille toutes les formalit\u00e9s administratives : \u00a0le contrat de travail, la d\u00e9claration dimona, l&rsquo;examen m\u00e9dical, le salaire, les certificats &#8230; Nous nous en chargeons, pendant que vous vous concentrez sur vos activit\u00e9s !<\/p>\n<h2><b>De l&rsquo;int\u00e9rim au travail fixe<\/b><\/h2>\n<p>Le travail temporaire n&rsquo;est pas n\u00e9cessairement un travail \u00e0 court terme. La l\u00e9gislation vous offre aujourd&rsquo;hui \u00e9galement la possibilit\u00e9 d&rsquo;engager du personnel fixe via l&rsquo;int\u00e9rim. Le principal avantage ? Vous disposez de toute la p\u00e9riode d&rsquo;int\u00e9rim pour tester le collaborateur &#8230;<\/p>\n<h2><b>Recrutement &amp; s\u00e9lection<\/b><\/h2>\n<p>Le fait d&rsquo;\u00eatre \u00e0 l&rsquo;origine du travail temporaire n&#8217;emp\u00eache pas Manpower d&rsquo;avoir un regard tr\u00e8s aff\u00fbt\u00e9 sur les recrutements fixes. Manpower s&rsquo;appuie sur un concept unique pour le recrutement et la s\u00e9lection et investit constamment dans un r\u00e9seau solide de consultants en recrutement permanent. Nos consultants se mobilisent pour rencontrer votre demande, \u00a0aussi exceptionnel soit le profil que vous recherchez. Nous sommes \u00e0 l&rsquo;aff\u00fbt des candidats \u00e0 haut potentiel, \u00e0 travers notre propre base de donn\u00e9es, mais aussi via les principaux sites d&rsquo;offres d&#8217;emploi et les m\u00e9dias sociaux.<\/p>\n","protected":false},"excerpt":{"rendered":"<p>Int\u00e9rim Vous recherchez du renfort pour les p\u00e9riodes de pic d&rsquo;activit\u00e9 ? Vous voulez remplacer un collaborateur malade ? Nos consultants trouvent pour vous le candidat id\u00e9al. Pour des missions courtes ou longues et&hellip;<\/p>\n","protected":false},"author":80,"featured_media":0,"parent":285,"menu_order":19,"comment_status":"closed","ping_status":"closed","template":"page-sidebar-left.php","meta":{"footnotes":""},"class_list":["post-287","page","type-page","status-publish","hentry"],"_links":{"self":[{"href":"https:\/\/manpower.lu\/fr\/wp-json\/wp\/v2\/pages\/287","targetHints":{"allow":["GET"]}}],"collection":[{"href":"https:\/\/manpower.lu\/fr\/wp-json\/wp\/v2\/pages"}],"about":[{"href":"https:\/\/manpower.lu\/fr\/wp-json\/wp\/v2\/types\/page"}],"author":[{"embeddable":true,"href":"https:\/\/manpower.lu\/fr\/wp-json\/wp\/v2\/users\/80"}],"replies":[{"embeddable":true,"href":"https:\/\/manpower.lu\/fr\/wp-json\/wp\/v2\/comments?post=287"}],"version-history":[{"count":0,"href":"https:\/\/manpower.lu\/fr\/wp-json\/wp\/v2\/pages\/287\/revisions"}],"up":[{"embeddable":true,"href":"https:\/\/manpower.lu\/fr\/wp-json\/wp\/v2\/pages\/285"}],"wp:attachment":[{"href":"https:\/\/manpower.lu\/fr\/wp-json\/wp\/v2\/media?parent=287"}],"curies":[{"name":"wp","href":"https:\/\/api.w.org\/{rel}","templated":true}]}}