{"id":289,"date":"2016-05-19T13:42:44","date_gmt":"2016-05-19T12:42:44","guid":{"rendered":"http:\/\/manpower.lu\/?page_id=289"},"modified":"2016-07-11T14:31:03","modified_gmt":"2016-07-11T13:31:03","slug":"solutions-sur-mesure","status":"publish","type":"page","link":"https:\/\/manpower.lu\/fr\/employeurs\/solutions-rh\/solutions-sur-mesure\/","title":{"rendered":"Solutions sur mesure"},"content":{"rendered":"<h4>Experts<\/h4>\n<p>Vos projets sont en pleine phase de d\u00e9veloppement et dans ce cadre vous recherchez des experts en IT, Finance, HR, Engineering ou Scientific ? <a href=\"http:\/\/www.experis.lu\" target=\"_blank\">Experis<\/a> veille \u00e0 ce que les meilleurs talents soient aiguill\u00e9s vers vos offres d\u2019emploi \u2013 que ce soit pour des missions temporaires, fixes ou sur la base de projets.<\/p>\n<h4>Project Sourcing &#8211; Outsourcing<\/h4>\n<p>Vous avez besoin de l&rsquo;expertise d&rsquo;un sp\u00e9cialiste exp\u00e9riment\u00e9 dans le cadre d&rsquo;un projet ? Ou vous souhaitez outsourcer certaines fonctions de votre entreprise ? Nos coll\u00e8gues d&rsquo;Experis sont des professionnels qui peuvent renforcer la capacit\u00e9 d&rsquo;action de votre entreprise. Ils sont proactifs et focalisent toute leur attention sur vos objectifs. Vous importez ainsi une expertise unique chez vous \u2013 juste quand c&rsquo;est n\u00e9cessaire.<\/p>\n<h4>Manpower Workforce Management<\/h4>\n<p>Vous g\u00e9rez les ressources humaines d&rsquo;une grande entreprise ? Vous voulez optimiser vos co\u00fbts et processus et augmenter votre productivit\u00e9 en attirant les meilleurs talents ? ManpowerGroup propose des solutions innovantes et sur mesure.<\/p>\n<p><strong>Manpower Onsite<\/strong><\/p>\n<p>Vous faites en permanence appel \u00e0 un grand nombre d&rsquo;int\u00e9rimaires de divers horizons mais aux profils similaires ? Dans ce cas, invitez-nous litt\u00e9ralement chez vous et \u00e9conomisez votre temps pr\u00e9cieux autant que votre \u00e9nergie. Notre agence Manpower au sein de votre entreprise met \u00e0 votre disposition des consultants sp\u00e9cialis\u00e9s qui accompagnent votre personnel int\u00e9rimaire de A \u00e0 Z.<\/p>\n<p><strong>Master Service Provider (MSP) avec <a href=\"http:\/\/www.manpowergroupsolutions.be\/fr\/solutions\/managed-service-provider-tapfin\" target=\"_blank\">TAPFIN<\/a><\/strong><\/p>\n<p>Vous employez beaucoup de personnel externe avec des statuts tr\u00e8s divers (int\u00e9rimaires, freelances, ind\u00e9pendants, saisonniers, stagiaires, &#8230;) ? Nos coll\u00e8gues de Tapfin peuvent vous apporter la solution pour optimiser les jobs et la r\u00e9partition des t\u00e2ches selon le principe du \u2018neutral vendoring\u2019, qui vous garantit une neutralit\u00e9 entre l&rsquo;ensemble de vos partenaires. Cette formule a fait ses preuves en termes de gains d&rsquo;efficacit\u00e9.<\/p>\n<h4><a href=\"http:\/\/www.manpowergroupsolutions.be\/fr\/solutions\/recruitment-process-outsourcing\" target=\"_blank\">RPO (Recruitment Process Outsourcing)<\/a><\/h4>\n<p>Vous souhaitez vous orienter vers une externalisation totale ou partielle de votre processus de recrutement ? Pas de probl\u00e8me : nos coll\u00e8gues RPO de ManpowerGroup Solutions peuvent prendre le relais de votre \u00e9quipe RH. Ils sont sp\u00e9cialis\u00e9s dans le sourcing et la s\u00e9lection et sauront optimiser votre strat\u00e9gie de recrutement et de d\u00e9veloppement de vos talents.<\/p>\n<h4>Outplacement &amp; talent management<\/h4>\n<p>Vous devez licencier un collaborateur parce qu&rsquo;un projet se termine ou que vous mettez fin \u00e0 une activit\u00e9 ? ManpowerGroup est \u00e9galement \u00e0 votre service pour vous accompagner lors de licenciements individuels et collectifs afin que le d\u00e9part de vos travailleurs se d\u00e9roule le plus correctement possible.<\/p>\n<p><a href=\"http:\/\/www.rightmanagement.be\/wps\/wcm\/connect\/right-be-fr\/home\" target=\"_blank\">Right Management<\/a> est l\u2019expert de la gestion des carri\u00e8res et des talents au sein de ManpowerGroup, leader mondial en mati\u00e8re de solutions pour l\u2019emploi. Nous cr\u00e9ons et proposons des strat\u00e9gies de gestion des collaborateurs qui aident les entreprises \u00e0 d\u00e9velopper les talents, r\u00e9duire les co\u00fbts et acc\u00e9l\u00e9rer les performances.<\/p>\n","protected":false},"excerpt":{"rendered":"<p>Experts Vos projets sont en pleine phase de d\u00e9veloppement et dans ce cadre vous recherchez des experts en IT, Finance, HR, Engineering ou Scientific ? Experis veille \u00e0 ce que les meilleurs talents soient&hellip;<\/p>\n","protected":false},"author":80,"featured_media":0,"parent":285,"menu_order":20,"comment_status":"closed","ping_status":"closed","template":"page-sidebar-left.php","meta":{"footnotes":""},"class_list":["post-289","page","type-page","status-publish","hentry"],"_links":{"self":[{"href":"https:\/\/manpower.lu\/fr\/wp-json\/wp\/v2\/pages\/289","targetHints":{"allow":["GET"]}}],"collection":[{"href":"https:\/\/manpower.lu\/fr\/wp-json\/wp\/v2\/pages"}],"about":[{"href":"https:\/\/manpower.lu\/fr\/wp-json\/wp\/v2\/types\/page"}],"author":[{"embeddable":true,"href":"https:\/\/manpower.lu\/fr\/wp-json\/wp\/v2\/users\/80"}],"replies":[{"embeddable":true,"href":"https:\/\/manpower.lu\/fr\/wp-json\/wp\/v2\/comments?post=289"}],"version-history":[{"count":0,"href":"https:\/\/manpower.lu\/fr\/wp-json\/wp\/v2\/pages\/289\/revisions"}],"up":[{"embeddable":true,"href":"https:\/\/manpower.lu\/fr\/wp-json\/wp\/v2\/pages\/285"}],"wp:attachment":[{"href":"https:\/\/manpower.lu\/fr\/wp-json\/wp\/v2\/media?parent=289"}],"curies":[{"name":"wp","href":"https:\/\/api.w.org\/{rel}","templated":true}]}}