{"id":294,"date":"2016-05-19T14:07:11","date_gmt":"2016-05-19T13:07:11","guid":{"rendered":"http:\/\/manpower.lu\/?page_id=294"},"modified":"2016-07-11T14:38:25","modified_gmt":"2016-07-11T13:38:25","slug":"pourquoi-manpower","status":"publish","type":"page","link":"https:\/\/manpower.lu\/fr\/employeurs\/pourquoi-manpower\/","title":{"rendered":"Pourquoi Manpower?"},"content":{"rendered":"<p>La force d&rsquo;une entreprise se mesure \u00e0 la force de son personnel. Si vous trouvez des collaborateurs de talents, vous avez int\u00e9r\u00eat \u00e0 pouvoir compter sur un partenaire RH solide. Manpower est ce partenaire solide, gr\u00e2ce \u00e0 \u00a0son exp\u00e9rience de plus de 50 ans au Grand Duch\u00e9 de Luxembourg, son importante base de donn\u00e9es clients ou encore son approche personnalis\u00e9e. Vous pouvez compter sur nous !<\/p>\n<h4>\u2192\u00a0 Trouvez rapidement le candidat que vous recherchez<\/h4>\n<p>Nous vous trouvons rapidement la bonne personne, au bon moment, au bon endroit. Avec le support de nos sp\u00e9cialistes marketing, nous attirons les meilleurs talents et nous anticipons vos besoins de recrutement.<\/p>\n<h4>\u2192\u00a0 Gagnez du temps: d\u00e9barrassez-vous des charges administratives<\/h4>\n<p>Nous nous occupons de tout : \u00a0contrats de travail, examens m\u00e9dicaux, documents pour la l\u00e9gislation sociale, etc.<\/p>\n<h4><b>\u2192\u00a0 R\u00e9duisez vos co\u00fbts<\/b><\/h4>\n<p>Gr\u00e2ce \u00e0 nos solutions de travail temporaire, vous n&rsquo;engagez aucun collaborateur. De trop. Nous vous offrons la flexibilit\u00e9 dont votre entreprise a besoin.<\/p>\n<h4>\u2192\u00a0 Solutions globales pour plus de s\u00e9curit\u00e9<\/h4>\n<p>Manpower consid\u00e8re la s\u00e9curit\u00e9 comme une de ses priorit\u00e9s absolues. Nous veillons \u00e0 ce que nos int\u00e9rimaires disposent des v\u00eatements de protection ad\u00e9quats et qu&rsquo;ils passent les examens m\u00e9dicaux requis. Par ailleurs, nous vous tenons bien entendu au courant des dispositions l\u00e9gales que vous devez respecter en tant qu&#8217;employeur. Notre Safety Department collabore dans ce cadre avec votre conseiller en pr\u00e9vention et vos responsables.<\/p>\n<h4>\u2192\u00a0 Ma\u00eetrisez les risques juridiques<\/h4>\n<p>Nos consultants vous accompagnent au quotidien dans tous les aspects de la l\u00e9gislation du travail, tels que les conditions du travail temporaire et la dur\u00e9e des contrats.<\/p>\n<h4>\u2192\u00a0 B\u00e9n\u00e9ficiez de l&rsquo;expertise de ManpowerGroup<\/h4>\n<p>Pr\u00e9sent dans 80 pays et acteur de premier plan sur le march\u00e9 de l&#8217;emploi depuis pr\u00e8s de 70 ans, nous vous proposons tout un ensemble de solutions RH innovantes et cr\u00e9atives (<a href=\"http:\/\/www.manpower.lu\" target=\"_blank\">Manpower \u00ae<\/a>, <a href=\"http:\/\/www.experis.lu\" target=\"_blank\">Experis\u2122<\/a>, <a href=\"http:\/\/www.rightmanagement.be\/wps\/wcm\/connect\/right-be-fr\/home\" target=\"_blank\">Right Management \u00ae<\/a>,<a href=\"http:\/\/www.manpowergroupsolutions.be\/fr\" target=\"_blank\">ManpowerGroup\u2122 Solutions<\/a>,\u00a0<a href=\"http:\/\/www.futurskill.be\" target=\"_blank\">Futurskill\u00ae<\/a>,<a href=\"http:\/\/www.proservia.be\" target=\"_blank\">PROSERVIA \u00ae <\/a>).<\/p>\n","protected":false},"excerpt":{"rendered":"<p>La force d&rsquo;une entreprise se mesure \u00e0 la force de son personnel. Si vous trouvez des collaborateurs de talents, vous avez int\u00e9r\u00eat \u00e0 pouvoir compter sur un partenaire RH solide. Manpower est ce partenaire&hellip;<\/p>\n","protected":false},"author":80,"featured_media":0,"parent":259,"menu_order":21,"comment_status":"closed","ping_status":"closed","template":"page-sidebar-left.php","meta":{"footnotes":""},"class_list":["post-294","page","type-page","status-publish","hentry"],"_links":{"self":[{"href":"https:\/\/manpower.lu\/fr\/wp-json\/wp\/v2\/pages\/294","targetHints":{"allow":["GET"]}}],"collection":[{"href":"https:\/\/manpower.lu\/fr\/wp-json\/wp\/v2\/pages"}],"about":[{"href":"https:\/\/manpower.lu\/fr\/wp-json\/wp\/v2\/types\/page"}],"author":[{"embeddable":true,"href":"https:\/\/manpower.lu\/fr\/wp-json\/wp\/v2\/users\/80"}],"replies":[{"embeddable":true,"href":"https:\/\/manpower.lu\/fr\/wp-json\/wp\/v2\/comments?post=294"}],"version-history":[{"count":0,"href":"https:\/\/manpower.lu\/fr\/wp-json\/wp\/v2\/pages\/294\/revisions"}],"up":[{"embeddable":true,"href":"https:\/\/manpower.lu\/fr\/wp-json\/wp\/v2\/pages\/259"}],"wp:attachment":[{"href":"https:\/\/manpower.lu\/fr\/wp-json\/wp\/v2\/media?parent=294"}],"curies":[{"name":"wp","href":"https:\/\/api.w.org\/{rel}","templated":true}]}}