{"id":297,"date":"2016-05-19T14:12:09","date_gmt":"2016-05-19T13:12:09","guid":{"rendered":"http:\/\/manpower.lu\/?page_id=297"},"modified":"2016-07-11T14:39:49","modified_gmt":"2016-07-11T13:39:49","slug":"demande-de-personnel","status":"publish","type":"page","link":"https:\/\/manpower.lu\/fr\/employeurs\/demande-de-personnel\/","title":{"rendered":"Demande de personnel"},"content":{"rendered":"<p><em>A la recherche d\u2019un renfort \u00a0pour un poste fixe ou temporaire ?<br \/>\nA la recherche d\u2019une solution pour optimiser la gestion des ressources humaines de votre entreprise ?<br \/>\n<\/em><b>Veuillez remplir ce formulaire et un de nos consultants prendra contact avec vous dans les plus brefs d\u00e9lais.<\/b><\/p>\n\n<div class=\"wpcf7 no-js\" id=\"wpcf7-f940-o1\" lang=\"en-US\" dir=\"ltr\" data-wpcf7-id=\"940\">\n<div class=\"screen-reader-response\"><p role=\"status\" aria-live=\"polite\" aria-atomic=\"true\"><\/p> <ul><\/ul><\/div>\n<form action=\"\/fr\/wp-json\/wp\/v2\/pages\/297#wpcf7-f940-o1\" method=\"post\" class=\"wpcf7-form init\" aria-label=\"Contact form\" novalidate=\"novalidate\" data-status=\"init\">\n<fieldset class=\"hidden-fields-container\"><input type=\"hidden\" name=\"_wpcf7\" value=\"940\" \/><input type=\"hidden\" name=\"_wpcf7_version\" value=\"6.1.5\" \/><input type=\"hidden\" name=\"_wpcf7_locale\" value=\"en_US\" \/><input type=\"hidden\" name=\"_wpcf7_unit_tag\" value=\"wpcf7-f940-o1\" \/><input type=\"hidden\" name=\"_wpcf7_container_post\" value=\"0\" \/><input type=\"hidden\" name=\"_wpcf7_posted_data_hash\" value=\"\" \/><input type=\"hidden\" name=\"_wpcf7_recaptcha_response\" value=\"\" \/>\n<\/fieldset>\n<p><strong>MERCI DE BIEN VOULOIR REMPLIR LES INFORMATIONS RELATIVES A VOTRE ENTREPRISE :<\/strong>\n<\/p>\n<p>Nom de soci\u00e9t\u00e9 *\n<\/p>\n<p><span class=\"wpcf7-form-control-wrap\" data-name=\"societe\"><input size=\"40\" maxlength=\"400\" class=\"wpcf7-form-control wpcf7-text wpcf7-validates-as-required\" aria-required=\"true\" aria-invalid=\"false\" value=\"\" type=\"text\" name=\"societe\" \/><\/span>\n<\/p>\n<p>Num\u00e9ro de TVA\n<\/p>\n<p><span class=\"wpcf7-form-control-wrap\" data-name=\"tva\"><input size=\"40\" maxlength=\"400\" class=\"wpcf7-form-control wpcf7-text\" aria-invalid=\"false\" value=\"\" type=\"text\" name=\"tva\" \/><\/span>\n<\/p>\n<p>Adresse *\n<\/p>\n<p><span class=\"wpcf7-form-control-wrap\" data-name=\"adresse\"><input size=\"40\" maxlength=\"400\" class=\"wpcf7-form-control wpcf7-text wpcf7-validates-as-required\" aria-required=\"true\" aria-invalid=\"false\" value=\"\" type=\"text\" name=\"adresse\" \/><\/span>\n<\/p>\n<p>Code postal *\n<\/p>\n<p><span class=\"wpcf7-form-control-wrap\" data-name=\"cp\"><input size=\"40\" maxlength=\"400\" class=\"wpcf7-form-control wpcf7-text wpcf7-validates-as-required\" aria-required=\"true\" aria-invalid=\"false\" value=\"\" type=\"text\" name=\"cp\" \/><\/span>\n<\/p>\n<p>Ville *\n<\/p>\n<p><span class=\"wpcf7-form-control-wrap\" data-name=\"ville\"><input size=\"40\" maxlength=\"400\" class=\"wpcf7-form-control wpcf7-text wpcf7-validates-as-required\" aria-required=\"true\" aria-invalid=\"false\" value=\"\" type=\"text\" name=\"ville\" \/><\/span>\n<\/p>\n<p>Pays *\n<\/p>\n<p><span class=\"wpcf7-form-control-wrap\" data-name=\"pays\"><input size=\"40\" maxlength=\"400\" class=\"wpcf7-form-control wpcf7-text wpcf7-validates-as-required\" aria-required=\"true\" aria-invalid=\"false\" value=\"\" type=\"text\" name=\"pays\" \/><\/span>\n<\/p>\n<p><strong>MERCI DE BIEN VOULOIR NOUS COMMUNIQUER VOS DONN\u00c9ES DE CONTACT :<\/strong>\n<\/p>\n<p>Salutation *\n<\/p>\n<p><span class=\"wpcf7-form-control-wrap\" data-name=\"titre\"><select class=\"wpcf7-form-control wpcf7-select wpcf7-validates-as-required\" aria-required=\"true\" aria-invalid=\"false\" name=\"titre\"><option value=\"Mr\">Mr<\/option><option value=\"Mme\">Mme<\/option><\/select><\/span>\n<\/p>\n<p>Nom complet *\n<\/p>\n<p><span class=\"wpcf7-form-control-wrap\" data-name=\"nom\"><input size=\"40\" maxlength=\"400\" class=\"wpcf7-form-control wpcf7-text wpcf7-validates-as-required\" aria-required=\"true\" aria-invalid=\"false\" value=\"\" type=\"text\" name=\"nom\" \/><\/span>\n<\/p>\n<p>Votre titre de fonction *\n<\/p>\n<p><span class=\"wpcf7-form-control-wrap\" data-name=\"fonction\"><input size=\"40\" maxlength=\"400\" class=\"wpcf7-form-control wpcf7-text wpcf7-validates-as-required\" aria-required=\"true\" aria-invalid=\"false\" value=\"\" type=\"text\" name=\"fonction\" \/><\/span>\n<\/p>\n<p>Votre E-mail *\n<\/p>\n<p><span class=\"wpcf7-form-control-wrap\" data-name=\"email\"><input size=\"40\" maxlength=\"400\" class=\"wpcf7-form-control wpcf7-email wpcf7-validates-as-required wpcf7-text wpcf7-validates-as-email\" aria-required=\"true\" aria-invalid=\"false\" value=\"\" type=\"email\" name=\"email\" \/><\/span>\n<\/p>\n<p>Votre Num\u00e9ro de t\u00e9l\u00e9phone *\n<\/p>\n<p><span class=\"wpcf7-form-control-wrap\" data-name=\"phone\"><input size=\"40\" maxlength=\"400\" class=\"wpcf7-form-control wpcf7-text wpcf7-validates-as-required\" aria-required=\"true\" aria-invalid=\"false\" value=\"\" type=\"text\" name=\"phone\" \/><\/span>\n<\/p>\n<p><strong>CE QUE VOUS RECHERCHEZ :<\/strong>\n<\/p>\n<p>Titre de fonction *\n<\/p>\n<p><span class=\"wpcf7-form-control-wrap\" data-name=\"fonction-2\"><input size=\"40\" maxlength=\"400\" class=\"wpcf7-form-control wpcf7-text wpcf7-validates-as-required\" aria-required=\"true\" aria-invalid=\"false\" value=\"\" type=\"text\" name=\"fonction-2\" \/><\/span>\n<\/p>\n<p>Description de fonction *\n<\/p>\n<p><span class=\"wpcf7-form-control-wrap\" data-name=\"descrfonction\"><textarea cols=\"40\" rows=\"10\" maxlength=\"2000\" class=\"wpcf7-form-control wpcf7-textarea wpcf7-validates-as-required\" aria-required=\"true\" aria-invalid=\"false\" name=\"descrfonction\"><\/textarea><\/span>\n<\/p>\n<p>Type du contrat *\n<\/p>\n<p><span class=\"wpcf7-form-control-wrap\" data-name=\"contrat\"><select class=\"wpcf7-form-control wpcf7-select wpcf7-validates-as-required\" aria-required=\"true\" aria-invalid=\"false\" name=\"contrat\"><option value=\"Contrat int\u00e9rimaire\">Contrat int\u00e9rimaire<\/option><option value=\"Contrat fixe\">Contrat fixe<\/option><option value=\"Payroll\">Payroll<\/option><option value=\"Etudiant\">Etudiant<\/option><\/select><\/span>\n<\/p>\n<p>Commentaires\n<\/p>\n<p><span class=\"wpcf7-form-control-wrap\" data-name=\"commentaires\"><textarea cols=\"40\" rows=\"10\" maxlength=\"2000\" class=\"wpcf7-form-control wpcf7-textarea\" aria-invalid=\"false\" name=\"commentaires\"><\/textarea><\/span>\n<\/p>\n<p>\n<span class=\"wpcf7-form-control-wrap recaptcha\" data-name=\"recaptcha\"><span data-sitekey=\"6LdIZIQaAAAAAF-U4e5yGBPJDCHJYTTbfRH4VJYI\" class=\"wpcf7-form-control wpcf7-recaptcha g-recaptcha\"><\/span>\r\n<noscript>\r\n\t<div class=\"grecaptcha-noscript\">\r\n\t\t<iframe src=\"https:\/\/www.google.com\/recaptcha\/api\/fallback?k=6LdIZIQaAAAAAF-U4e5yGBPJDCHJYTTbfRH4VJYI\" frameborder=\"0\" scrolling=\"no\" width=\"310\" height=\"430\">\r\n\t\t<\/iframe>\r\n\t\t<textarea name=\"g-recaptcha-response\" rows=\"3\" cols=\"40\" placeholder=\"reCaptcha Response Here\">\r\n\t\t<\/textarea>\r\n\t<\/div>\r\n<\/noscript>\r\n<\/span>\n<\/p>\n<p><input class=\"wpcf7-form-control wpcf7-submit has-spinner\" type=\"submit\" value=\"Soumettre\" \/>\n<\/p><input type=\"hidden\" id=\"ct_checkjs_cf7_0d3180d672e08b4c5312dcdafdf6ef36\" name=\"ct_checkjs_cf7\" value=\"0\" \/><script >setTimeout(function(){var ct_input_name = \"ct_checkjs_cf7_0d3180d672e08b4c5312dcdafdf6ef36\";if (document.getElementById(ct_input_name) !== null) {var ct_input_value = document.getElementById(ct_input_name).value;document.getElementById(ct_input_name).value = document.getElementById(ct_input_name).value.replace(ct_input_value, '1129504481');}}, 1000);<\/script><input\n                    class=\"apbct_special_field apbct_email_id__wp_contact_form_7\"\n                    name=\"apbct__email_id__wp_contact_form_7\"\n                    aria-label=\"apbct__label_id__wp_contact_form_7\"\n                    type=\"text\" size=\"30\" maxlength=\"200\" autocomplete=\"off\"\n                    value=\"\"\n                \/><p style=\"display: none !important;\" class=\"akismet-fields-container\" data-prefix=\"_wpcf7_ak_\"><label>&#916;<textarea name=\"_wpcf7_ak_hp_textarea\" cols=\"45\" rows=\"8\" maxlength=\"100\"><\/textarea><\/label><input type=\"hidden\" id=\"ak_js_1\" name=\"_wpcf7_ak_js\" value=\"1\"\/><script>document.getElementById( \"ak_js_1\" ).setAttribute( \"value\", ( new Date() ).getTime() );<\/script><\/p><div class=\"wpcf7-response-output\" aria-hidden=\"true\"><\/div>\n<\/form>\n<\/div>\n\n","protected":false},"excerpt":{"rendered":"<p>A la recherche d\u2019un renfort \u00a0pour un poste fixe ou temporaire ? A la recherche d\u2019une solution pour optimiser la gestion des ressources humaines de votre entreprise ? Veuillez remplir ce formulaire et un&hellip;<\/p>\n","protected":false},"author":80,"featured_media":0,"parent":259,"menu_order":22,"comment_status":"closed","ping_status":"closed","template":"page-sidebar-left.php","meta":{"footnotes":""},"class_list":["post-297","page","type-page","status-publish","hentry"],"_links":{"self":[{"href":"https:\/\/manpower.lu\/fr\/wp-json\/wp\/v2\/pages\/297","targetHints":{"allow":["GET"]}}],"collection":[{"href":"https:\/\/manpower.lu\/fr\/wp-json\/wp\/v2\/pages"}],"about":[{"href":"https:\/\/manpower.lu\/fr\/wp-json\/wp\/v2\/types\/page"}],"author":[{"embeddable":true,"href":"https:\/\/manpower.lu\/fr\/wp-json\/wp\/v2\/users\/80"}],"replies":[{"embeddable":true,"href":"https:\/\/manpower.lu\/fr\/wp-json\/wp\/v2\/comments?post=297"}],"version-history":[{"count":0,"href":"https:\/\/manpower.lu\/fr\/wp-json\/wp\/v2\/pages\/297\/revisions"}],"up":[{"embeddable":true,"href":"https:\/\/manpower.lu\/fr\/wp-json\/wp\/v2\/pages\/259"}],"wp:attachment":[{"href":"https:\/\/manpower.lu\/fr\/wp-json\/wp\/v2\/media?parent=297"}],"curies":[{"name":"wp","href":"https:\/\/api.w.org\/{rel}","templated":true}]}}