{"id":299,"date":"2016-05-19T14:24:50","date_gmt":"2016-05-19T13:24:50","guid":{"rendered":"http:\/\/manpower.lu\/?page_id=299"},"modified":"2025-01-06T16:01:47","modified_gmt":"2025-01-06T15:01:47","slug":"a-propos","status":"publish","type":"page","link":"https:\/\/manpower.lu\/fr\/a-propos\/","title":{"rendered":"A propos"},"content":{"rendered":"<div class=\"wpb-content-wrapper\"><p>[vc_row][vc_column][vc_tta_tabs][vc_tta_section title=\u00a0\u00bbNOS 5 MARQUES\u00a0\u00bb tab_id=\u00a0\u00bb1465546370219-cf9eb6ee-739a\u00a0\u00bb el_class=\u00a0\u00bbonglet1&Prime;][vc_column_text]Nous sommes fiers d\u2019appartenir \u00e0 ManpowerGroup, l\u2019expert qui apporte des solutions pour recruter, g\u00e9rer et d\u00e9velopper les talents. Nos 5 marques ManpowerGroup \u2013 <strong>Manpower\u00ae<\/strong>, <strong>Experis&#x2122;<\/strong>, <strong>Futurskill\u00ae<\/strong>, <strong>Right Management\u00ae<\/strong> et <strong>ManpowerGroup&#x2122; Solutions<\/strong> \u2013 aide plus de 400.000 clients de 80 pays et territoires \u00e0 r\u00e9pondre \u00e0 leurs besoins en ressources humaines.<\/p>\n<p><img decoding=\"async\" class=\"wp-image-12483\" title=\"BQA_QMS019_C_1998182\" src=\"http:\/\/manpower.lu\/wp-content\/uploads\/2019\/10\/9001.version_octobre_2007.jpg\" alt=\"Iso Certification nr: BQA_QMS019_C_1998182\" width=\"170\" height=\"163\" \/><br \/>\n<span class=\"s1\"><strong><br \/>\nBQA_QMS019_C_2017182<\/strong><\/span><\/p>\n<div id=\"ConnectiveDocSignExtentionInstalled\" data-extension-version=\"1.0.4\"><\/div>\n<p>[\/vc_column_text][\/vc_tta_section][vc_tta_section title=\u00a0\u00bbVISION &amp; VALEURS\u00a0\u00bb tab_id=\u00a0\u00bb1465546370220-6cc29f49-0aa2&Prime; el_class=\u00a0\u00bbonglet2&Prime;][vc_column_text]Notre vision est simple : <strong>\u00eatre les leaders dans la cr\u00e9ation et l\u2019apport de solutions innovantes dans le monde du travail<\/strong>. Et ce pour permettre aux entreprises que nous assistons et aux talents que nous pla\u00e7ons de devenir eux-m\u00eames leaders dans le Human Age, un monde o\u00f9 le travail \u00a0est en perp\u00e9tuelle \u00e9volution.<\/p>\n<p>Les valeurs cl\u00e9s de cette vision sont l\u2019\u00eatre humain, l\u2019expertise et l\u2019innovation.[\/vc_column_text][\/vc_tta_section][vc_tta_section title=\u00a0\u00bbHISTOIRE\u00a0\u00bb tab_id=\u00a0\u00bb1465546378510-16efa448-b992&Prime; el_class=\u00a0\u00bbonglet3&Prime;][vc_column_text]Depuis l\u2019ouverture de la premi\u00e8re agence d\u2019int\u00e9rim \u00e0 Milwaukee aux Etats-Unis en 1948 et le lancement de nos activit\u00e9s du Grand-Duch\u00e9 du Luxembourg en 1965, jusqu\u2019\u00e0 la cr\u00e9ation et au d\u00e9veloppement de nos cinq marques pour r\u00e9pondre \u00e0 l\u2019av\u00e8nement du Human Age, cela fait d\u00e9j\u00e0 pr\u00e8s de 70 ans que <a href=\"http:\/\/www.manpowergroup.be\/fr\/au-sujet-de-manpowergroup\/histoire\">ManpowerGroup<\/a> <strong>est une r\u00e9f\u00e9rence dans le monde du travail et des ressources humaines<\/strong>.[\/vc_column_text][\/vc_tta_section][vc_tta_section title=\u00a0\u00bbRESPONSABILIT\u00c9 SOCI\u00c9TALE\u00a0\u00bb tab_id=\u00a0\u00bb1465546390397-9910b22d-eb83&Prime; el_class=\u00a0\u00bbonglet4&Prime;][vc_column_text]Responsabilit\u00e9 soci\u00e9tale, int\u00e9grit\u00e9, gestion responsable\u2026 ces valeurs font partie int\u00e9grante de notre structure d\u2019entreprise. Et c\u2019est bien logique: dans tout ce que nous faisons, nous associons en effet des emplois \u00e0 des personnes, pour que ces derni\u00e8res puissent subvenir \u00e0 leurs besoins et \u00e0 ceux de leur famille. Mais ManpowerGroup fait naturellement plus que cela : nos valeurs, notre vision et notre strat\u00e9gie contribuent \u00e0 cr\u00e9er une culture d&rsquo;entreprise qui accorde une grande importance \u00e0 l&rsquo;honn\u00eatet\u00e9 et \u00e0 la responsabilit\u00e9.<\/p>\n<p>Nos priorit\u00e9s dans le domaine de la responsabilit\u00e9 sociale sont divis\u00e9es en trois domaines principaux : gouvernance, social et environnement.<\/p>\n<p><strong>Si\u00e8ge social Manpower Luxembourg<\/strong><b><br \/>\n<\/b><\/p>\n<p>H2O Building \u2013 B\u00e2timent A<br \/>\n33 rue de Gasperich<br \/>\nL-5826 Hesperange<\/p>\n<p>T: + 352 27 127 800<br \/>\nE:\u00a0<a href=\"mailto:IN**@******ER.LU\" data-original-string=\"EGHeeoAaC33BpAImVUwS5Q==d13c8+axrGktVyqTY0UyHk92N4EdfE10YcJ4tJQPOCCPcw=\" title=\"This contact has been encoded by Anti-Spam by CleanTalk. Click to decode. To finish the decoding make sure that JavaScript is enabled in your browser.\"><span \n                data-original-string='\/\/N1G\/UzkylMtcN+L9QlCQ==d13mLwQ0KqoHyBs2UBxYHtSqOEy4y+\/LOuHRwlg2Mauiss='\n                class='apbct-email-encoder'\n                title='This contact has been encoded by Anti-Spam by CleanTalk. Click to decode. To finish the decoding make sure that JavaScript is enabled in your browser.'>IN<span class=\"apbct-blur\">**<\/span>@<span class=\"apbct-blur\">******<\/span>ER.LU<\/span><\/a>[\/vc_column_text][\/vc_tta_section][\/vc_tta_tabs][\/vc_column][\/vc_row][vc_row][vc_column][vc_column_text css=\u00a0\u00bb\u00a0\u00bb]Si vous souhaitez modifier ou supprimer des donn\u00e9es, ce que vous ne pouvez pas faire vous-m\u00eame, ou pour exercer d&rsquo;autres de vos droits en mati\u00e8re de protection des donn\u00e9es, veuillez cliquer\u00a0<a href=\"https:\/\/privacy-portal-manpowergroup.my.onetrust.com\/webform\/1ef6af7e-5375-472f-9219-c7092454fa4f\/5add204a-d4d9-40f0-8f9e-dd13a6bccdd1\"><strong>ici<\/strong><\/a>.[\/vc_column_text][\/vc_column][\/vc_row]<\/p>\n<\/div>","protected":false},"excerpt":{"rendered":"<p>[vc_row][vc_column][vc_tta_tabs][vc_tta_section title=\u00a0\u00bbNOS 5 MARQUES\u00a0\u00bb tab_id=\u00a0\u00bb1465546370219-cf9eb6ee-739a\u00a0\u00bb el_class=\u00a0\u00bbonglet1&Prime;][vc_column_text]Nous sommes fiers d\u2019appartenir \u00e0 ManpowerGroup, l\u2019expert qui apporte des solutions pour recruter, g\u00e9rer et d\u00e9velopper les talents. Nos 5 marques ManpowerGroup \u2013 Manpower\u00ae, Experis&#x2122;, Futurskill\u00ae, Right Management\u00ae et&hellip;<\/p>\n","protected":false},"author":80,"featured_media":0,"parent":0,"menu_order":23,"comment_status":"closed","ping_status":"closed","template":"page-sidebar-left.php","meta":{"footnotes":""},"class_list":["post-299","page","type-page","status-publish","hentry"],"_links":{"self":[{"href":"https:\/\/manpower.lu\/fr\/wp-json\/wp\/v2\/pages\/299","targetHints":{"allow":["GET"]}}],"collection":[{"href":"https:\/\/manpower.lu\/fr\/wp-json\/wp\/v2\/pages"}],"about":[{"href":"https:\/\/manpower.lu\/fr\/wp-json\/wp\/v2\/types\/page"}],"author":[{"embeddable":true,"href":"https:\/\/manpower.lu\/fr\/wp-json\/wp\/v2\/users\/80"}],"replies":[{"embeddable":true,"href":"https:\/\/manpower.lu\/fr\/wp-json\/wp\/v2\/comments?post=299"}],"version-history":[{"count":1,"href":"https:\/\/manpower.lu\/fr\/wp-json\/wp\/v2\/pages\/299\/revisions"}],"predecessor-version":[{"id":180750,"href":"https:\/\/manpower.lu\/fr\/wp-json\/wp\/v2\/pages\/299\/revisions\/180750"}],"wp:attachment":[{"href":"https:\/\/manpower.lu\/fr\/wp-json\/wp\/v2\/media?parent=299"}],"curies":[{"name":"wp","href":"https:\/\/api.w.org\/{rel}","templated":true}]}}