{"id":309,"date":"2016-05-19T14:41:17","date_gmt":"2016-05-19T13:41:17","guid":{"rendered":"http:\/\/manpower.lu\/?page_id=309"},"modified":"2018-05-30T13:31:32","modified_gmt":"2018-05-30T12:31:32","slug":"travailler-chez-manpowergroup","status":"publish","type":"page","link":"https:\/\/manpower.lu\/fr\/a-propos\/travailler-chez-manpowergroup\/","title":{"rendered":"Travailler chez ManpowerGroup"},"content":{"rendered":"<div class=\"wpb-content-wrapper\"><p>[vc_row][vc_column css=\u00a0\u00bb.vc_custom_1465549418204{padding-top: 30px !important;}\u00a0\u00bb][vc_column_text]ManpowerGroup ne cesse de s&rsquo;agrandir. C&rsquo;est pourquoi nous avons besoin d&rsquo;une \u00e9quipe forte et motiv\u00e9e pour veiller chaque jour \u00e0 ce que ManpowerGroup renforce sa position de leader dans le domaine des ressources humaines. Vous avez envie de contribuer \u00e0 notre d\u00e9veloppement? Consultez d\u00e8s maintenant nos <a href=\"http:\/\/www.joinmanpowergroup.be\/\" target=\"_blank\" rel=\"noopener\">postes vacants<\/a> en interne: le job id\u00e9al vous attend peut-\u00eatre chez ManpowerGroup !<\/p>\n<p><a href=\"http:\/\/manpower.lu\/fr\/conditions-generales-de-mise-a-disposition-de-travailleurs-interimaires\/\" target=\"_blank\" rel=\"noopener\"><b>Nos conditions g\u00e9n\u00e9rales.<\/b><\/a>[\/vc_column_text][vc_video link=\u00a0\u00bbhttps:\/\/www.youtube.com\/watch?v=BbXthnnfOD8&Prime; el_width=\u00a0\u00bb70&Prime; align=\u00a0\u00bbcenter\u00a0\u00bb][\/vc_column][\/vc_row]<\/p>\n<\/div>","protected":false},"excerpt":{"rendered":"<p>[vc_row][vc_column css=\u00a0\u00bb.vc_custom_1465549418204{padding-top: 30px !important;}\u00a0\u00bb][vc_column_text]ManpowerGroup ne cesse de s&rsquo;agrandir. C&rsquo;est pourquoi nous avons besoin d&rsquo;une \u00e9quipe forte et motiv\u00e9e pour veiller chaque jour \u00e0 ce que ManpowerGroup renforce sa position de leader dans le domaine&hellip;<\/p>\n","protected":false},"author":80,"featured_media":0,"parent":299,"menu_order":25,"comment_status":"closed","ping_status":"closed","template":"page-sidebar-left.php","meta":{"footnotes":""},"class_list":["post-309","page","type-page","status-publish","hentry"],"_links":{"self":[{"href":"https:\/\/manpower.lu\/fr\/wp-json\/wp\/v2\/pages\/309","targetHints":{"allow":["GET"]}}],"collection":[{"href":"https:\/\/manpower.lu\/fr\/wp-json\/wp\/v2\/pages"}],"about":[{"href":"https:\/\/manpower.lu\/fr\/wp-json\/wp\/v2\/types\/page"}],"author":[{"embeddable":true,"href":"https:\/\/manpower.lu\/fr\/wp-json\/wp\/v2\/users\/80"}],"replies":[{"embeddable":true,"href":"https:\/\/manpower.lu\/fr\/wp-json\/wp\/v2\/comments?post=309"}],"version-history":[{"count":0,"href":"https:\/\/manpower.lu\/fr\/wp-json\/wp\/v2\/pages\/309\/revisions"}],"up":[{"embeddable":true,"href":"https:\/\/manpower.lu\/fr\/wp-json\/wp\/v2\/pages\/299"}],"wp:attachment":[{"href":"https:\/\/manpower.lu\/fr\/wp-json\/wp\/v2\/media?parent=309"}],"curies":[{"name":"wp","href":"https:\/\/api.w.org\/{rel}","templated":true}]}}