{"id":311,"date":"2016-05-19T14:44:32","date_gmt":"2016-05-19T13:44:32","guid":{"rendered":"http:\/\/manpower.lu\/?page_id=311"},"modified":"2022-11-14T14:51:51","modified_gmt":"2022-11-14T13:51:51","slug":"presse-knowledge-center","status":"publish","type":"page","link":"https:\/\/manpower.lu\/fr\/a-propos\/presse-knowledge-center\/","title":{"rendered":"Presse &#038; Knowledge Center"},"content":{"rendered":"<div class=\"wpb-content-wrapper\"><p>[vc_row][vc_column][vc_video link=\u00a0\u00bbhttps:\/\/www.youtube.com\/watch?v=7Vyh-Dp_H9s\u00a0\u00bb el_width=\u00a0\u00bb70&Prime; align=\u00a0\u00bbcenter\u00a0\u00bb][vc_column_text]<\/p>\n<div class=\" bd-postcontent-3 bd-tagstyles\">\n<div class=\"bd-container-inner\">\n<p>ManpowerGroup est un des plus grands acteurs du monde du travail au niveau mondial. Forts de cette position au coeur du march\u00e9 de l\u2019emploi, nous publions r\u00e9guli\u00e8rment des \u00e9tudes et des analyses sur l\u2019\u00e9volution du monde du travail. Vous pouvez \u00a0les consulter sur notre <a href=\"http:\/\/www.manpowergroup.be\/\" target=\"_blank\" rel=\"noopener\">Knowledge Center<\/a> et vous abonner \u00e0 notre <a href=\"http:\/\/www.manpowergroup.be\/\" target=\"_blank\" rel=\"noopener\">newsletter<\/a>.Vous \u00eates \u00e0 la recherche d\u2019une information sp\u00e9cifique au sujet du ManpowerGroup? Notre <a href=\"http:\/\/www.manpowergroup.be\/espace-presse\/\" target=\"_blank\" rel=\"noopener\">press kit<\/a> vous permet d\u2019obtenir des donn\u00e9es tr\u00e8s pr\u00e9cises, qu\u2019il s\u2019agisse des chiffres cl\u00e9s de notre groupe au Grand-Duch\u00e9 du Luxembourg et dans le monde, \u00a0de notre vision et de nos valeurs, de notre histoire, de notre strat\u00e9gie en mati\u00e8re de responsabilit\u00e9 soci\u00e9tale (CSR) ou de notre rapport annuel. Tout cela et bien plus encore. Pour toute demande d\u2019interview concernant ManpowerGroup, veuillez contacter notre service de presse :<\/p>\n<p>Marc Vandeleene<\/p>\n<div class=\"bd-container-inner\">PR &amp; Communication Manager<\/div>\n<div class=\"bd-container-inner\"><a href=\"mailto:ma*************@***********up.be\" data-original-string=\"WGAzWdHySMDYP4ViAg8xWw==d13PtK1enbPTyz8Nx5KZ2WPIHSsv\/85iToXb0xWP2kOwJ7g3C\/3knvLa3WO93NQZsKp\" title=\"This contact has been encoded by Anti-Spam by CleanTalk. Click to decode. To finish the decoding make sure that JavaScript is enabled in your browser.\"><span \n                data-original-string='Iv+4DBWgjYO5Ty6RXOtBlg==d13U70jULupRgVuVXLzVqLRTpk1xqtlgrHQ18xXP1OAFeQLNh6bb3TgG4WykbVevX5W'\n                class='apbct-email-encoder'\n                title='This contact has been encoded by Anti-Spam by CleanTalk. Click to decode. To finish the decoding make sure that JavaScript is enabled in your browser.'>ma<span class=\"apbct-blur\">*************<\/span>@<span class=\"apbct-blur\">***********<\/span>up.be<\/span><\/a><\/div>\n<div class=\"bd-container-inner\">T: + 32 (0)2 639 10 81<br \/>\nM: + 32 495 24 05 43<\/div>\n<\/div>\n<\/div>\n<p>[\/vc_column_text][\/vc_column][\/vc_row]<\/p>\n<\/div>","protected":false},"excerpt":{"rendered":"<p>[vc_row][vc_column][vc_video link=\u00a0\u00bbhttps:\/\/www.youtube.com\/watch?v=7Vyh-Dp_H9s\u00a0\u00bb el_width=\u00a0\u00bb70&Prime; align=\u00a0\u00bbcenter\u00a0\u00bb][vc_column_text] ManpowerGroup est un des plus grands acteurs du monde du travail au niveau mondial. Forts de cette position au coeur du march\u00e9 de l\u2019emploi, nous publions r\u00e9guli\u00e8rment des \u00e9tudes et&hellip;<\/p>\n","protected":false},"author":80,"featured_media":0,"parent":299,"menu_order":26,"comment_status":"closed","ping_status":"closed","template":"page-sidebar-left.php","meta":{"footnotes":""},"class_list":["post-311","page","type-page","status-publish","hentry"],"_links":{"self":[{"href":"https:\/\/manpower.lu\/fr\/wp-json\/wp\/v2\/pages\/311","targetHints":{"allow":["GET"]}}],"collection":[{"href":"https:\/\/manpower.lu\/fr\/wp-json\/wp\/v2\/pages"}],"about":[{"href":"https:\/\/manpower.lu\/fr\/wp-json\/wp\/v2\/types\/page"}],"author":[{"embeddable":true,"href":"https:\/\/manpower.lu\/fr\/wp-json\/wp\/v2\/users\/80"}],"replies":[{"embeddable":true,"href":"https:\/\/manpower.lu\/fr\/wp-json\/wp\/v2\/comments?post=311"}],"version-history":[{"count":1,"href":"https:\/\/manpower.lu\/fr\/wp-json\/wp\/v2\/pages\/311\/revisions"}],"predecessor-version":[{"id":65868,"href":"https:\/\/manpower.lu\/fr\/wp-json\/wp\/v2\/pages\/311\/revisions\/65868"}],"up":[{"embeddable":true,"href":"https:\/\/manpower.lu\/fr\/wp-json\/wp\/v2\/pages\/299"}],"wp:attachment":[{"href":"https:\/\/manpower.lu\/fr\/wp-json\/wp\/v2\/media?parent=311"}],"curies":[{"name":"wp","href":"https:\/\/api.w.org\/{rel}","templated":true}]}}