{"id":73471,"date":"2023-06-21T10:58:58","date_gmt":"2023-06-21T09:58:58","guid":{"rendered":"https:\/\/manpower.lu\/?page_id=73471"},"modified":"2023-06-21T12:35:21","modified_gmt":"2023-06-21T11:35:21","slug":"operation-mysponsorship","status":"publish","type":"page","link":"https:\/\/manpower.lu\/fr\/operation-mysponsorship\/","title":{"rendered":"Op\u00e9ration MySponsorship\u2019"},"content":{"rendered":"<div class=\"wpb-content-wrapper\"><p>[vc_row][vc_column][vc_column_text]<\/p>\n<h3>COMMENT <span style=\"font-size: 18.72px;\">B\u00c9N\u00c9FICIER<\/span> DES AVANTAGES OFFERTS PAR LE PARRAINAGE ?<\/h3>\n<p><strong>Vous \u00eates notre meilleur ambassadeur, proposez-nous des candidats aux comp\u00e9tences recherch\u00e9es : PARRAINEZ VOS AMI(E)S !<\/strong><\/p>\n<p>Parce que vous \u00eatre notre meilleur(e) ambassadeur(drice) et que vous connaissez bien Manpower, vous saurez proposer les candidats aux comp\u00e9tences recherch\u00e9es par nos agences et leur pr\u00e9senter les avantages \u00e0 travailler avec Manpower.<\/p>\n<p><img fetchpriority=\"high\" decoding=\"async\" class=\"alignleft wp-image-73447 size-full\" src=\"https:\/\/manpower.lu\/wp-content\/uploads\/2023\/06\/Sponsor-your-friend-fr.png\" alt=\"\" width=\"602\" height=\"150\" srcset=\"https:\/\/manpower.lu\/wp-content\/uploads\/2023\/06\/Sponsor-your-friend-fr.png 602w, https:\/\/manpower.lu\/wp-content\/uploads\/2023\/06\/Sponsor-your-friend-fr-300x75.png 300w\" sizes=\"(max-width: 602px) 100vw, 602px\" \/><\/p>\n<p>&nbsp;<\/p>\n<p>&nbsp;<\/p>\n<p>&nbsp;<\/p>\n<p>&nbsp;<\/p>\n<p>Parrainer une personne de votre choix, c\u2019est simple\u00a0: Utilisez les bulletins de parrainages joints, en suivant le mode d\u2019emploi\u00a0!<br \/>\n<strong><br \/>\n<u>Exemple bon de parrainage\u00a0:<\/u><\/strong>[\/vc_column_text][vc_single_image image=\u00a0\u00bb73438&Prime; img_size=\u00a0\u00bb600&#215;370&Prime; onclick=\u00a0\u00bbimg_link_large\u00a0\u00bb][vc_column_text]<\/p>\n<h4><strong>MODE D\u2019EMPLOI\u00a0: <\/strong><strong>COMMENT PARRAINER VOTRE FILLEUL(LE)\u00a0?<\/strong><\/h4>\n<p><strong>La d\u00e9marche \u00e0 suivre est simple\u00a0: demandez \u00e0 votre agence la liste des m\u00e9tiers recherch\u00e9s sur lesquels l\u2019op\u00e9ration parrainage s\u2019effectue.<\/strong><\/p>\n<ol>\n<li>Compl\u00e9tez le bon de parrainage directement. Attention \u00e0 bien inscrire un(e) seul(e) filleul(le)<\/li>\n<li>Votre filleul(le) se pr\u00e9sente de votre part \u00e0 l\u2019agence avec ce bon rempli (ou l\u2019envoie avant l\u2019entretien Teams en m\u00eame temps que les autres documents).<\/li>\n<li>Si votre filleul(le) cumule 260 heures pour le compte de Manpower dans les 12 mois suivant le parrainage, vous recevez 150 \u20ac en ch\u00e8que cadeau.<\/li>\n<li>D\u00e8s validation du parrainage, vous serez inform\u00e9 du virement.<\/li>\n<\/ol>\n<p>[\/vc_column_text][vc_btn title=\u00a0\u00bbT\u00e9l\u00e9charger un bon de parrainage\u00a0\u00bb color=\u00a0\u00bbinfo\u00a0\u00bb size=\u00a0\u00bbsm\u00a0\u00bb align=\u00a0\u00bbleft\u00a0\u00bb link=\u00a0\u00bburl:https%3A%2F%2Fmanpower.lu%2Fwp-content%2Fuploads%2F2023%2F06%2FBon-parrainage-PDF-version-FR.pdf|title:Download%20the%20regulation\u00a0\u00bb][vc_btn title=\u00a0\u00bbT\u00e9l\u00e9charger le r\u00e8glement\u00a0\u00bb color=\u00a0\u00bbinfo\u00a0\u00bb size=\u00a0\u00bbsm\u00a0\u00bb align=\u00a0\u00bbleft\u00a0\u00bb link=\u00a0\u00bburl:https%3A%2F%2Fmanpower.lu%2Fwp-content%2Fuploads%2F2023%2F06%2FReglement-Mysponsorship.pdf|title:Download%20the%20regulation\u00a0\u00bb][\/vc_column][\/vc_row]<\/p>\n<\/div>","protected":false},"excerpt":{"rendered":"<p>[vc_row][vc_column][vc_column_text] COMMENT B\u00c9N\u00c9FICIER DES AVANTAGES OFFERTS PAR LE PARRAINAGE ? Vous \u00eates notre meilleur ambassadeur, proposez-nous des candidats aux comp\u00e9tences recherch\u00e9es : PARRAINEZ VOS AMI(E)S ! Parce que vous \u00eatre notre meilleur(e) ambassadeur(drice) et&hellip;<\/p>\n","protected":false},"author":80,"featured_media":0,"parent":0,"menu_order":0,"comment_status":"closed","ping_status":"closed","template":"","meta":{"footnotes":""},"class_list":["post-73471","page","type-page","status-publish","hentry"],"_links":{"self":[{"href":"https:\/\/manpower.lu\/fr\/wp-json\/wp\/v2\/pages\/73471","targetHints":{"allow":["GET"]}}],"collection":[{"href":"https:\/\/manpower.lu\/fr\/wp-json\/wp\/v2\/pages"}],"about":[{"href":"https:\/\/manpower.lu\/fr\/wp-json\/wp\/v2\/types\/page"}],"author":[{"embeddable":true,"href":"https:\/\/manpower.lu\/fr\/wp-json\/wp\/v2\/users\/80"}],"replies":[{"embeddable":true,"href":"https:\/\/manpower.lu\/fr\/wp-json\/wp\/v2\/comments?post=73471"}],"version-history":[{"count":3,"href":"https:\/\/manpower.lu\/fr\/wp-json\/wp\/v2\/pages\/73471\/revisions"}],"predecessor-version":[{"id":73474,"href":"https:\/\/manpower.lu\/fr\/wp-json\/wp\/v2\/pages\/73471\/revisions\/73474"}],"wp:attachment":[{"href":"https:\/\/manpower.lu\/fr\/wp-json\/wp\/v2\/media?parent=73471"}],"curies":[{"name":"wp","href":"https:\/\/api.w.org\/{rel}","templated":true}]}}