{"id":8,"date":"2016-02-22T12:13:48","date_gmt":"2016-02-22T11:13:48","guid":{"rendered":"http:\/\/manpower.lu\/?page_id=8"},"modified":"2018-10-24T09:05:44","modified_gmt":"2018-10-24T08:05:44","slug":"candidats","status":"publish","type":"page","link":"https:\/\/manpower.lu\/fr\/candidats\/","title":{"rendered":"Candidats"},"content":{"rendered":"<div class=\"wpb-content-wrapper\"><p>[vc_row][vc_column][vc_column_text]Vous \u00eates \u00e0 la recherche de l\u2019<a href=\"http:\/\/manpower.lu\/offres-demploi\/\">emploi<\/a> qui vous conviendra le mieux ?<br \/>\nManpowerGroup fournit du travail \u00e0 417 candidats aux quatre coins du monde &#8230; Par minute ! Gr\u00e2ce \u00e0 notre longue exp\u00e9rience, nous sommes en mesure d&rsquo;agir de mani\u00e8re rapide et efficace. Mais avant tout, nous prenons le temps de vous accompagner dans votre recherche d&rsquo;un travail fixe ou temporaire qui vous permettra de donner le meilleur de vous-m\u00eame.<\/p>\n<p><a href=\"\/a-propos\/agences\/\">\u2192\u00a0 Trouver une agence pr\u00e8s de chez moi<\/a><br \/>\n\u2192\u00a0 <a href=\"http:\/\/manpower.lu\/candidats\/nos-conseils-emploi\/\">R\u00e9ussir ma candidature<\/a>[\/vc_column_text][\/vc_column][\/vc_row]<\/p>\n<\/div>","protected":false},"excerpt":{"rendered":"<p>[vc_row][vc_column][vc_column_text]Vous \u00eates \u00e0 la recherche de l\u2019emploi qui vous conviendra le mieux ? ManpowerGroup fournit du travail \u00e0 417 candidats aux quatre coins du monde &#8230; Par minute ! Gr\u00e2ce \u00e0 notre longue exp\u00e9rience,&hellip;<\/p>\n","protected":false},"author":80,"featured_media":0,"parent":0,"menu_order":2,"comment_status":"closed","ping_status":"closed","template":"page-sidebar-left.php","meta":{"footnotes":""},"class_list":["post-8","page","type-page","status-publish","hentry"],"_links":{"self":[{"href":"https:\/\/manpower.lu\/fr\/wp-json\/wp\/v2\/pages\/8","targetHints":{"allow":["GET"]}}],"collection":[{"href":"https:\/\/manpower.lu\/fr\/wp-json\/wp\/v2\/pages"}],"about":[{"href":"https:\/\/manpower.lu\/fr\/wp-json\/wp\/v2\/types\/page"}],"author":[{"embeddable":true,"href":"https:\/\/manpower.lu\/fr\/wp-json\/wp\/v2\/users\/80"}],"replies":[{"embeddable":true,"href":"https:\/\/manpower.lu\/fr\/wp-json\/wp\/v2\/comments?post=8"}],"version-history":[{"count":0,"href":"https:\/\/manpower.lu\/fr\/wp-json\/wp\/v2\/pages\/8\/revisions"}],"wp:attachment":[{"href":"https:\/\/manpower.lu\/fr\/wp-json\/wp\/v2\/media?parent=8"}],"curies":[{"name":"wp","href":"https:\/\/api.w.org\/{rel}","templated":true}]}}